{"id":468,"date":"2022-12-28T02:40:00","date_gmt":"2022-12-28T02:40:00","guid":{"rendered":"https:\/\/dinatinyhomes.com\/?page_id=468"},"modified":"2025-05-26T13:40:59","modified_gmt":"2025-05-26T13:40:59","slug":"cena-kucice-tisa","status":"publish","type":"page","link":"https:\/\/dinatinyhomes.com\/fr\/cena-kucice-tisa\/","title":{"rendered":"Cena ku\u0107ice Tisa"},"content":{"rendered":"<div data-elementor-type=\"wp-page\" data-elementor-id=\"468\" class=\"elementor elementor-468\" data-elementor-post-type=\"page\">\n\t\t\t\t\t\t<section class=\"elementor-section elementor-top-section elementor-element elementor-element-59edd25 elementor-section-boxed elementor-section-height-default elementor-section-height-default\" data-id=\"59edd25\" data-element_type=\"section\">\n\t\t\t\t\t\t<div class=\"elementor-container elementor-column-gap-default\">\n\t\t\t\t\t<div class=\"elementor-column elementor-col-100 elementor-top-column elementor-element elementor-element-39b04ae\" data-id=\"39b04ae\" data-element_type=\"column\">\n\t\t\t<div class=\"elementor-widget-wrap elementor-element-populated\">\n\t\t\t\t\t\t<div class=\"elementor-element elementor-element-603c660 elementor-widget elementor-widget-heading\" data-id=\"603c660\" data-element_type=\"widget\" data-widget_type=\"heading.default\">\n\t\t\t\t<div class=\"elementor-widget-container\">\n\t\t\t\t\t<h1 class=\"elementor-heading-title elementor-size-default\">Cena ku\u0107ice tisa<\/h1>\t\t\t\t<\/div>\n\t\t\t\t<\/div>\n\t\t\t\t\t<\/div>\n\t\t<\/div>\n\t\t\t\t\t<\/div>\n\t\t<\/section>\n\t\t\t\t<section class=\"elementor-section elementor-top-section elementor-element elementor-element-5a42692 elementor-section-boxed elementor-section-height-default elementor-section-height-default\" data-id=\"5a42692\" data-element_type=\"section\" data-settings=\"{&quot;background_background&quot;:&quot;classic&quot;}\">\n\t\t\t\t\t\t<div class=\"elementor-container elementor-column-gap-default\">\n\t\t\t\t\t<div class=\"elementor-column elementor-col-50 elementor-top-column elementor-element elementor-element-d08d524\" data-id=\"d08d524\" data-element_type=\"column\">\n\t\t\t<div class=\"elementor-widget-wrap elementor-element-populated\">\n\t\t\t\t\t\t<div class=\"elementor-element elementor-element-b8df104 elementor-widget elementor-widget-text-editor\" data-id=\"b8df104\" data-element_type=\"widget\" data-widget_type=\"text-editor.default\">\n\t\t\t\t<div class=\"elementor-widget-container\">\n\t\t\t\t\t\t\t\t\t<p class=\"translation-block\">\u00c9quipement de base:<br>\n\narmoires<br>\ncanap\u00e9 convertible 3 places et lit adulte avec matelas<br>\ncuisine \u00e9quip\u00e9e (plaque de cuisson \u00e0 gaz ou \u00e9lectrique, r\u00e9frig\u00e9rateur encastrable sous plan, hotte)<br>\nsalle de bain \u00e9quip\u00e9e <br>\npr\u00e9paration pour le raccordement au r\u00e9seau d\u00b4eau potable<br>\npr\u00e9paration pour le raccordement au r\u00e9seau de canalisations<br>\nchauffe-eau \u00e9lectrique ou \u00e0 gaz<br>\nplancher lamin\u00e9 \u2013 classe 32<br>\nmenuiserie ext\u00e9rieure en PVC \u00e0 six chambres (blanche)<br>\nrideaux ou stores<br>\ninstallation \u00e9lectrique et plomberie<br>\n\u00e9clairage LED<br>\npr\u00e9paration pour le raccordement au r\u00e9seau \u00e9lectrique<br>\nrev\u00eatement mural ext\u00e9rieur (bois ou polystyr\u00e8ne)<br>\nrev\u00eatement mural int\u00e9rieur (bois, panneaux de pl\u00e2tre ou panneaux stratifi\u00e9s)<br>\nclimatisation<br><\/p>\t\t\t\t\t\t\t\t<\/div>\n\t\t\t\t<\/div>\n\t\t\t\t\t<\/div>\n\t\t<\/div>\n\t\t\t\t<div class=\"elementor-column elementor-col-50 elementor-top-column elementor-element elementor-element-c68a766\" data-id=\"c68a766\" data-element_type=\"column\">\n\t\t\t<div class=\"elementor-widget-wrap elementor-element-populated\">\n\t\t\t\t\t\t<div class=\"elementor-element elementor-element-7e4f0a0 elementor-widget elementor-widget-text-editor\" data-id=\"7e4f0a0\" data-element_type=\"widget\" data-widget_type=\"text-editor.default\">\n\t\t\t\t<div class=\"elementor-widget-container\">\n\t\t\t\t\t\t\t\t\t<p class=\"translation-block\">\u00c9quipement additionnel:<br>\n\nTerrasse avec ou sans auvent (3x4m ou 3x6m)<br>\nTente<br>\nRev\u00eatement mural ext\u00e9rieur en PVC (aspect bois, plusieurs couleurs)<br>\nIsolation additionnelle (conditions hivernales en montagne)<br>\nMenuiserie ext\u00e9rieure en PVC \u00e0 six chambres, choix de couleurs (anthracite\/blanc, ch\u00eane dor\u00e9, noix, aluminium\/bois)<br>\nPlancher en bois multicouche (Tarkett, plusieurs couleurs et motifs)<br>\nR\u00e9servoir d'eau technique ou d'eau potable<br>\nRev\u00eatement de la cabine de douche en pierre naturelle (plusieurs couleurs et motifs)<br>\nToilette \u00e0 compost ou chimique<br>\nSyst\u00e8me de batteries \u00e9lectriques avec panneaux solaires et contr\u00f4leur<br>\nClimatiseur inverter<br>\nSyst\u00e8me domotique, alarme, vid\u00e9osurveillance avec acc\u00e8s \u00e0 distance, contr\u00f4le \u00e0 distance du chauffage et de la climatisation, internet wifi mobile<br>\nPlaque de cuisson \u00e0 induction<br>\nFour<br>\nLave-vaisselle<br>\nLave-linge<br>\nT\u00e9l\u00e9vision, dispositif hi-fi<br>\nCanap\u00e9 d'angle convertible (lit double)<br>\nChoix de matelas<br>\nD\u00e9coration, tapis, literie, petits \u00e9lectrom\u00e9nagers selon le choix<br><\/p>\t\t\t\t\t\t\t\t<\/div>\n\t\t\t\t<\/div>\n\t\t\t\t\t<\/div>\n\t\t<\/div>\n\t\t\t\t\t<\/div>\n\t\t<\/section>\n\t\t\t\t<section class=\"elementor-section elementor-top-section elementor-element elementor-element-4c31f9e elementor-section-boxed elementor-section-height-default elementor-section-height-default\" data-id=\"4c31f9e\" data-element_type=\"section\">\n\t\t\t\t\t\t<div class=\"elementor-container elementor-column-gap-default\">\n\t\t\t\t\t<div class=\"elementor-column elementor-col-100 elementor-top-column elementor-element elementor-element-1bf66e5\" data-id=\"1bf66e5\" data-element_type=\"column\">\n\t\t\t<div class=\"elementor-widget-wrap elementor-element-populated\">\n\t\t\t\t\t\t<div class=\"elementor-element elementor-element-4eb5a3e elementor-widget elementor-widget-text-editor\" data-id=\"4eb5a3e\" data-element_type=\"widget\" data-widget_type=\"text-editor.default\">\n\t\t\t\t<div class=\"elementor-widget-container\">\n\t\t\t\t\t\t\t\t\t<p>Le prix comprend l\u00b4ensemble des meubles et l\u00b4\u00e9quipement de cuisine (appareils \u00e9lectriques ou \u00e0 gaz de la liste d\u00b4\u00e9quipement de base), ainsi que l\u00b4\u00e9quipement pour la salle de bain. D\u00e8s son emplacement dans l\u00b4endroit souhait\u00e9, la petite maison est pr\u00eate \u00e0 \u00eatre utilis\u00e9e.  C\u00b4est \u00e0 vous de choisir le design, les couleurs, les mat\u00e9riaux et le plan d\u00b4am\u00e9nagement.<\/p><p>Le prix comprend l\u00b4\u00e9quipement de base. L\u00b4int\u00e9gration de l\u00b4\u00e9quipement additionnel ou la modification du mat\u00e9riel font l\u00b4objet d\u00b4une offre particuli\u00e8re.<\/p><p>Dites-nous ce que vous d\u00e9sirez et quelles sont les conditions du site o\u00f9 la petite maison pourrait \u00eatre install\u00e9e, et notre \u00e9quipe vous proposera une solution selon vos besoins et le plan d\u00b4am\u00e9nagement de votre nouvelle maison.<br \/>Le prix comprend l\u00b4\u00e9quipement de base. L\u00b4int\u00e9gration de l\u00b4\u00e9quipement additionnel ou la modification du mat\u00e9riel font l\u00b4objet d\u00b4une offre particuli\u00e8re.<br \/>Dites-nous ce que vous d\u00e9sirez et quelles sont les conditions du site o\u00f9 la petite maison pourrait \u00eatre install\u00e9e, et notre \u00e9quipe vous proposera une solution selon vos besoins et le plan d\u00b4am\u00e9nagement de votre nouvelle maison.<\/p>\t\t\t\t\t\t\t\t<\/div>\n\t\t\t\t<\/div>\n\t\t\t\t<div class=\"elementor-element elementor-element-89e2917 elementor-widget-divider--view-line elementor-widget elementor-widget-divider\" data-id=\"89e2917\" data-element_type=\"widget\" data-widget_type=\"divider.default\">\n\t\t\t\t<div class=\"elementor-widget-container\">\n\t\t\t\t\t\t\t<div class=\"elementor-divider\">\n\t\t\t<span class=\"elementor-divider-separator\">\n\t\t\t\t\t\t<\/span>\n\t\t<\/div>\n\t\t\t\t\t\t<\/div>\n\t\t\t\t<\/div>\n\t\t\t\t\t<\/div>\n\t\t<\/div>\n\t\t\t\t\t<\/div>\n\t\t<\/section>\n\t\t\t\t<section class=\"elementor-section elementor-top-section elementor-element elementor-element-dbd0454 elementor-section-boxed elementor-section-height-default elementor-section-height-default\" data-id=\"dbd0454\" data-element_type=\"section\">\n\t\t\t\t\t\t<div class=\"elementor-container elementor-column-gap-default\">\n\t\t\t\t\t<div class=\"elementor-column elementor-col-100 elementor-top-column elementor-element elementor-element-0ce4ba4\" data-id=\"0ce4ba4\" data-element_type=\"column\" data-settings=\"{&quot;background_background&quot;:&quot;classic&quot;}\">\n\t\t\t<div class=\"elementor-widget-wrap elementor-element-populated\">\n\t\t\t\t\t\t<div class=\"elementor-element elementor-element-4140e52 elementor-widget elementor-widget-heading\" data-id=\"4140e52\" data-element_type=\"widget\" data-widget_type=\"heading.default\">\n\t\t\t\t<div class=\"elementor-widget-container\">\n\t\t\t\t\t<h1 class=\"elementor-heading-title elementor-size-default\">PRIX: 45,000 EUR + PDV<\/h1>\t\t\t\t<\/div>\n\t\t\t\t<\/div>\n\t\t\t\t<div class=\"elementor-element elementor-element-638f7c5 elementor-widget-divider--view-line elementor-widget elementor-widget-divider\" data-id=\"638f7c5\" data-element_type=\"widget\" data-widget_type=\"divider.default\">\n\t\t\t\t<div class=\"elementor-widget-container\">\n\t\t\t\t\t\t\t<div class=\"elementor-divider\">\n\t\t\t<span class=\"elementor-divider-separator\">\n\t\t\t\t\t\t<\/span>\n\t\t<\/div>\n\t\t\t\t\t\t<\/div>\n\t\t\t\t<\/div>\n\t\t\t\t\t<\/div>\n\t\t<\/div>\n\t\t\t\t\t<\/div>\n\t\t<\/section>\n\t\t\t\t<section class=\"elementor-section elementor-top-section elementor-element elementor-element-bb66f1d elementor-section-boxed elementor-section-height-default elementor-section-height-default\" data-id=\"bb66f1d\" data-element_type=\"section\">\n\t\t\t\t\t\t<div class=\"elementor-container elementor-column-gap-default\">\n\t\t\t\t\t<div class=\"elementor-column elementor-col-100 elementor-top-column elementor-element elementor-element-3aae836\" data-id=\"3aae836\" data-element_type=\"column\">\n\t\t\t<div class=\"elementor-widget-wrap elementor-element-populated\">\n\t\t\t\t\t\t<div class=\"elementor-element elementor-element-9955504 elementor-widget elementor-widget-text-editor\" data-id=\"9955504\" data-element_type=\"widget\" data-widget_type=\"text-editor.default\">\n\t\t\t\t<div class=\"elementor-widget-container\">\n\t\t\t\t\t\t\t\t\t<p>Le prix comprend le montage de la petite maison, y compris le positionnement et le nivellement de la maison sur le site d\u00b4emplacement.<\/p><p>Transport nije uklju\u010den u cenu. Cena transporta se na tr\u017ei\u0161tu kre\u0107e oko 2\u20ac po pre\u0111enom kilometru. Na\u0161a proizvodnja se nalazi u Novom Sadu.<\/p><p>U cenu nije uklju\u010deno priklju\u010denje ku\u0107e na elektri\u010dnu, vodovodnu i kanalizacionu mre\u017eu.<\/p><p><strong>Dynamique de paiement :<\/strong><br \/>Radi lak\u0161eg planiranja termina izgradnje i isporuke prilikom inicijalnog dogovora upla\u0107uje se kapara u iznosu od 1000 eur \u010dime ste obezbedili svoj rok za izgradnju i \u010dime ste upisani u kalendar \u010dekanja. <br \/><br \/>U narednih 7-10 dana sa na\u0161im arhitektama se dogovarate oko materijala, dezene, boja i nivoa opremljenosti va\u0161eg novog doma. <br \/><br \/>Nakon dogovora potrebno je uplatiti 60% od ukupne cene nakon \u010dega poru\u010dujemo materijale i opremu. Ostatak iznosa se upla\u0107uje po zavr\u0161etku gradnje i opremanja. Dan pre isporuke je potrebno uplatiti iznos za tro\u0161kove transporta ku\u0107ice.<\/p><p>Garancija na konstrukciju ku\u0107e je 10 godina. Garancija na materijale, opremu i tehniku je po proizvo\u0111a\u010dkoj specifikaciji 2-10 godina. Garancija na materijale, opremu i tehniku je po proizvo\u0111a\u010dkoj specifikaciji od 2 \u2013 10 godina. <br \/><br \/>Garancija ne obuhvata mehani\u010dka o\u0161te\u0107enja, o\u0161te\u0107enja usled nepravilnog ili nestru\u010dnog kori\u0161\u0107enja opreme, delova ku\u0107ice ili ku\u0107ice u celini.<br \/><br \/>Za postavljanje ku\u0107e <b>nije potreban temelj<\/b>. Ku\u0107a je prenosiva i <b>postavlja se na stope <\/b>koje su sastavni deo podkonstrukcije ku\u0107e. Samim tim se ku\u0107a <b>ne kategori\u0161e kao gra\u0111evinski objekat<\/b>, ve\u0107 kao privremeni monta\u017eni objekat \u0161to olak\u0161ava proceduru oko postavljanja ukoliko je na lokaciji potrebna dozvola.<\/p>\t\t\t\t\t\t\t\t<\/div>\n\t\t\t\t<\/div>\n\t\t\t\t\t<\/div>\n\t\t<\/div>\n\t\t\t\t\t<\/div>\n\t\t<\/section>\n\t\t\t\t<\/div>","protected":false},"excerpt":{"rendered":"<p>Cena ku\u0107ice tisa OSNOVNA OPREMA:-ormani-trosed na razvla\u010denje i dva francuska le\u017eaja sa du\u0161ekom ili singl kreveti-kuhinja sa tehnikom (gasna ili strujna grejna plo\u010da, podpultni ugradni fri\u017eider, aspirator,mini rerna)-kupatilo sa svom opremom -priprema za priklju\u010denje na vodovodni sistem-priprema za priklju\u010denje na kanalizacionu mre\u017eu-bojler strujni ili gasni-laminatna podna obloga &#8211; klasa 32-\u0161estokomorna PVC spoljna stolarija (bela boja)-zavese [&hellip;]<\/p>","protected":false},"author":1,"featured_media":0,"parent":0,"menu_order":0,"comment_status":"closed","ping_status":"closed","template":"elementor_header_footer","meta":{"footnotes":""},"class_list":["post-468","page","type-page","status-publish","hentry"],"_links":{"self":[{"href":"https:\/\/dinatinyhomes.com\/fr\/wp-json\/wp\/v2\/pages\/468","targetHints":{"allow":["GET"]}}],"collection":[{"href":"https:\/\/dinatinyhomes.com\/fr\/wp-json\/wp\/v2\/pages"}],"about":[{"href":"https:\/\/dinatinyhomes.com\/fr\/wp-json\/wp\/v2\/types\/page"}],"author":[{"embeddable":true,"href":"https:\/\/dinatinyhomes.com\/fr\/wp-json\/wp\/v2\/users\/1"}],"replies":[{"embeddable":true,"href":"https:\/\/dinatinyhomes.com\/fr\/wp-json\/wp\/v2\/comments?post=468"}],"version-history":[{"count":14,"href":"https:\/\/dinatinyhomes.com\/fr\/wp-json\/wp\/v2\/pages\/468\/revisions"}],"predecessor-version":[{"id":732,"href":"https:\/\/dinatinyhomes.com\/fr\/wp-json\/wp\/v2\/pages\/468\/revisions\/732"}],"wp:attachment":[{"href":"https:\/\/dinatinyhomes.com\/fr\/wp-json\/wp\/v2\/media?parent=468"}],"curies":[{"name":"wp","href":"https:\/\/api.w.org\/{rel}","templated":true}]}}