{"id":449,"date":"2022-12-28T02:20:38","date_gmt":"2022-12-28T02:20:38","guid":{"rendered":"https:\/\/dinatinyhomes.com\/?page_id=449"},"modified":"2024-05-10T19:06:08","modified_gmt":"2024-05-10T19:06:08","slug":"cena-kucice-omorika","status":"publish","type":"page","link":"https:\/\/dinatinyhomes.com\/fr\/cena-kucice-omorika\/","title":{"rendered":"Cena ku\u0107ice Omorika"},"content":{"rendered":"<div data-elementor-type=\"wp-page\" data-elementor-id=\"449\" class=\"elementor elementor-449\" data-elementor-post-type=\"page\">\n\t\t\t\t\t\t<section class=\"elementor-section elementor-top-section elementor-element elementor-element-1f4ea95 elementor-section-boxed elementor-section-height-default elementor-section-height-default\" data-id=\"1f4ea95\" data-element_type=\"section\">\n\t\t\t\t\t\t<div class=\"elementor-container elementor-column-gap-default\">\n\t\t\t\t\t<div class=\"elementor-column elementor-col-100 elementor-top-column elementor-element elementor-element-420fbe0\" data-id=\"420fbe0\" data-element_type=\"column\">\n\t\t\t<div class=\"elementor-widget-wrap elementor-element-populated\">\n\t\t\t\t\t\t<div class=\"elementor-element elementor-element-023f8eb elementor-widget elementor-widget-heading\" data-id=\"023f8eb\" data-element_type=\"widget\" data-widget_type=\"heading.default\">\n\t\t\t\t<div class=\"elementor-widget-container\">\n\t\t\t\t\t<h1 class=\"elementor-heading-title elementor-size-default\">Prix de la maison Omorika<\/h1>\t\t\t\t<\/div>\n\t\t\t\t<\/div>\n\t\t\t\t\t<\/div>\n\t\t<\/div>\n\t\t\t\t\t<\/div>\n\t\t<\/section>\n\t\t\t\t<section class=\"elementor-section elementor-top-section elementor-element elementor-element-c769646 elementor-section-boxed elementor-section-height-default elementor-section-height-default\" data-id=\"c769646\" data-element_type=\"section\" data-settings=\"{&quot;background_background&quot;:&quot;classic&quot;}\">\n\t\t\t\t\t\t<div class=\"elementor-container elementor-column-gap-default\">\n\t\t\t\t\t<div class=\"elementor-column elementor-col-50 elementor-top-column elementor-element elementor-element-59d192d\" data-id=\"59d192d\" data-element_type=\"column\">\n\t\t\t<div class=\"elementor-widget-wrap elementor-element-populated\">\n\t\t\t\t\t\t<div class=\"elementor-element elementor-element-3a7d13e elementor-widget elementor-widget-text-editor\" data-id=\"3a7d13e\" data-element_type=\"widget\" data-widget_type=\"text-editor.default\">\n\t\t\t\t<div class=\"elementor-widget-container\">\n\t\t\t\t\t\t\t\t\t<p class=\"translation-block\">\u00c9quipement de base:<br>\n\narmoires<br>\ncanap\u00e9 convertible 3 places et lit adulte avec matelas<br>\ncuisine \u00e9quip\u00e9e (plaque de cuisson \u00e0 gaz ou \u00e9lectrique, r\u00e9frig\u00e9rateur encastrable sous plan, hotte)<br>\nsalle de bain \u00e9quip\u00e9e <br>\npr\u00e9paration pour le raccordement au r\u00e9seau d\u00b4eau potable<br>\npr\u00e9paration pour le raccordement au r\u00e9seau de canalisations<br>\nchauffe-eau \u00e9lectrique ou \u00e0 gaz<br>\nplancher lamin\u00e9 \u2013 classe 32<br>\nmenuiserie ext\u00e9rieure en PVC \u00e0 six chambres (blanche)<br>\nrideaux ou stores<br>\ninstallation \u00e9lectrique et plomberie<br>\n\u00e9clairage LED<br>\npr\u00e9paration pour le raccordement au r\u00e9seau \u00e9lectrique<br>\nrev\u00eatement mural ext\u00e9rieur (bois ou polystyr\u00e8ne)<br>\nrev\u00eatement mural int\u00e9rieur (bois, panneaux de pl\u00e2tre ou panneaux stratifi\u00e9s)<br>\nclimatisation<br><\/p>\t\t\t\t\t\t\t\t<\/div>\n\t\t\t\t<\/div>\n\t\t\t\t\t<\/div>\n\t\t<\/div>\n\t\t\t\t<div class=\"elementor-column elementor-col-50 elementor-top-column elementor-element elementor-element-83d7985\" data-id=\"83d7985\" data-element_type=\"column\">\n\t\t\t<div class=\"elementor-widget-wrap elementor-element-populated\">\n\t\t\t\t\t\t<div class=\"elementor-element elementor-element-16f10f5 elementor-widget elementor-widget-text-editor\" data-id=\"16f10f5\" data-element_type=\"widget\" data-widget_type=\"text-editor.default\">\n\t\t\t\t<div class=\"elementor-widget-container\">\n\t\t\t\t\t\t\t\t\t<p class=\"translation-block\">\u00c9quipement additionnel:<br>\n\nTerrasse avec ou sans auvent (3x4m ou 3x6m)<br>\nTente<br>\nRev\u00eatement mural ext\u00e9rieur en PVC (aspect bois, plusieurs couleurs)<br>\nIsolation additionnelle (conditions hivernales en montagne)<br>\nMenuiserie ext\u00e9rieure en PVC \u00e0 six chambres, choix de couleurs (anthracite\/blanc, ch\u00eane dor\u00e9, noix, aluminium\/bois)<br>\nPlancher en bois multicouche (Tarkett, plusieurs couleurs et motifs)<br>\nR\u00e9servoir d'eau technique ou d'eau potable<br>\nRev\u00eatement de la cabine de douche en pierre naturelle (plusieurs couleurs et motifs)<br>\nToilette \u00e0 compost ou chimique<br>\nSyst\u00e8me de batteries \u00e9lectriques avec panneaux solaires et contr\u00f4leur<br>\nClimatiseur inverter<br>\nSyst\u00e8me domotique, alarme, vid\u00e9osurveillance avec acc\u00e8s \u00e0 distance, contr\u00f4le \u00e0 distance du chauffage et de la climatisation, internet wifi mobile<br>\nPlaque de cuisson \u00e0 induction<br>\nFour<br>\nLave-vaisselle<br>\nLave-linge<br>\nT\u00e9l\u00e9vision, dispositif hi-fi<br>\nCanap\u00e9 d'angle convertible (lit double)<br>\nChoix de matelas<br>\nD\u00e9coration, tapis, literie, petits \u00e9lectrom\u00e9nagers selon le choix<br><\/p>\t\t\t\t\t\t\t\t<\/div>\n\t\t\t\t<\/div>\n\t\t\t\t\t<\/div>\n\t\t<\/div>\n\t\t\t\t\t<\/div>\n\t\t<\/section>\n\t\t\t\t<section class=\"elementor-section elementor-top-section elementor-element elementor-element-8877563 elementor-section-boxed elementor-section-height-default elementor-section-height-default\" data-id=\"8877563\" data-element_type=\"section\">\n\t\t\t\t\t\t<div class=\"elementor-container elementor-column-gap-default\">\n\t\t\t\t\t<div class=\"elementor-column elementor-col-100 elementor-top-column elementor-element elementor-element-847b2e3\" data-id=\"847b2e3\" data-element_type=\"column\">\n\t\t\t<div class=\"elementor-widget-wrap elementor-element-populated\">\n\t\t\t\t\t\t<div class=\"elementor-element elementor-element-28935f5 elementor-widget elementor-widget-text-editor\" data-id=\"28935f5\" data-element_type=\"widget\" data-widget_type=\"text-editor.default\">\n\t\t\t\t<div class=\"elementor-widget-container\">\n\t\t\t\t\t\t\t\t\t<p>Le prix comprend l\u00b4ensemble des meubles et l\u00b4\u00e9quipement de cuisine (appareils \u00e9lectriques ou \u00e0 gaz de la liste d\u00b4\u00e9quipement de base), ainsi que l\u00b4\u00e9quipement pour la salle de bain. D\u00e8s son emplacement dans l\u00b4endroit souhait\u00e9, la petite maison est pr\u00eate \u00e0 \u00eatre utilis\u00e9e.  C\u00b4est \u00e0 vous de choisir le design, les couleurs, les mat\u00e9riaux et le plan d\u00b4am\u00e9nagement.<\/p><p><br \/>Le prix comprend l\u00b4\u00e9quipement de base. L\u00b4int\u00e9gration de l\u00b4\u00e9quipement additionnel ou la modification du mat\u00e9riel font l\u00b4objet d\u00b4une offre particuli\u00e8re.<\/p><p><br \/>Dites-nous ce que vous d\u00e9sirez et quelles sont les conditions du site o\u00f9 la petite maison pourrait \u00eatre install\u00e9e, et notre \u00e9quipe vous proposera une solution selon vos besoins et le plan d\u00b4am\u00e9nagement de votre nouvelle maison.<\/p>\t\t\t\t\t\t\t\t<\/div>\n\t\t\t\t<\/div>\n\t\t\t\t<div class=\"elementor-element elementor-element-3d68b89 elementor-widget-divider--view-line elementor-widget elementor-widget-divider\" data-id=\"3d68b89\" data-element_type=\"widget\" data-widget_type=\"divider.default\">\n\t\t\t\t<div class=\"elementor-widget-container\">\n\t\t\t\t\t\t\t<div class=\"elementor-divider\">\n\t\t\t<span class=\"elementor-divider-separator\">\n\t\t\t\t\t\t<\/span>\n\t\t<\/div>\n\t\t\t\t\t\t<\/div>\n\t\t\t\t<\/div>\n\t\t\t\t\t<\/div>\n\t\t<\/div>\n\t\t\t\t\t<\/div>\n\t\t<\/section>\n\t\t\t\t<section class=\"elementor-section elementor-top-section elementor-element elementor-element-94a9450 elementor-section-boxed elementor-section-height-default elementor-section-height-default\" data-id=\"94a9450\" data-element_type=\"section\">\n\t\t\t\t\t\t<div class=\"elementor-container elementor-column-gap-default\">\n\t\t\t\t\t<div class=\"elementor-column elementor-col-100 elementor-top-column elementor-element elementor-element-a41144a\" data-id=\"a41144a\" data-element_type=\"column\" data-settings=\"{&quot;background_background&quot;:&quot;classic&quot;}\">\n\t\t\t<div class=\"elementor-widget-wrap elementor-element-populated\">\n\t\t\t\t\t\t<div class=\"elementor-element elementor-element-4254a8e elementor-widget elementor-widget-heading\" data-id=\"4254a8e\" data-element_type=\"widget\" data-widget_type=\"heading.default\">\n\t\t\t\t<div class=\"elementor-widget-container\">\n\t\t\t\t\t<h1 class=\"elementor-heading-title elementor-size-default\">PRIX: 33,000 EUR + PDV<\/h1>\t\t\t\t<\/div>\n\t\t\t\t<\/div>\n\t\t\t\t<div class=\"elementor-element elementor-element-fa47dfd elementor-widget-divider--view-line elementor-widget elementor-widget-divider\" data-id=\"fa47dfd\" data-element_type=\"widget\" data-widget_type=\"divider.default\">\n\t\t\t\t<div class=\"elementor-widget-container\">\n\t\t\t\t\t\t\t<div class=\"elementor-divider\">\n\t\t\t<span class=\"elementor-divider-separator\">\n\t\t\t\t\t\t<\/span>\n\t\t<\/div>\n\t\t\t\t\t\t<\/div>\n\t\t\t\t<\/div>\n\t\t\t\t<div class=\"elementor-element elementor-element-9173502 elementor-widget elementor-widget-text-editor\" data-id=\"9173502\" data-element_type=\"widget\" data-widget_type=\"text-editor.default\">\n\t\t\t\t<div class=\"elementor-widget-container\">\n\t\t\t\t\t\t\t\t\t<p>Le prix comprend le montage de la petite maison, y compris le positionnement et le nivellement de la maison sur le site d\u00b4emplacement.<\/p><p>Le transport n\u00b4est pas inclus dans le prix. Le prix du transport sur le march\u00e9 est d\u00b4environ 2 EUR par kilom\u00e8tre. Notre usine est situ\u00e9e \u00e0 Novi Sad.<\/p><p>Le transport n\u00b4est pas inclus dans le prix. Le prix du transport sur le march\u00e9 est d\u00b4environ 2 EUR par kilom\u00e8tre. Notre usine est situ\u00e9e \u00e0 Novi Sad.<\/p><p><strong>Dynamique de paiement :<\/strong><br \/>Pour faciliter la planification de la date de construction et de livraison, lors du premier accord, un montant de 1 000 EUR est vers\u00e9 \u00e0 titre d\u00b4acompte. Cela garantit le d\u00e9lai de construction et vous place sur la liste d\u00b4attente. Dans les 7 \u00e0 10 jours suivants, vous discuterez avec nos architectes du mat\u00e9riel, du design, des couleurs et du plan d\u00b4am\u00e9nagement de votre nouvelle maison. Une fois l\u00b4accord conclu, 60% du prix total doivent \u00eatre vers\u00e9s. Ensuite nous commandons les mat\u00e9riaux et l\u00b4\u00e9quipement.  Le reste du prix est vers\u00e9 \u00e0 la fin des travaux de construction et d\u00b4am\u00e9nagement. Un jour avant la livraison, il est n\u00e9cessaire de r\u00e9gler les frais de transport de la petite maison.<\/p><p>La garantie sur la construction de la maison est 10 ans. La garantie sur les mat\u00e9riaux, l\u00b4\u00e9quipement et la technique varie selon les sp\u00e9cifications du fabricant, de 2 \u00e0 10 ans.  La garantie ne couvre pas les dommages m\u00e9caniques, les dommages caus\u00e9s par une utilisation incorrecte ou non professionnelle de l\u00b4\u00e9quipement, des parties de la maison ou de la maison enti\u00e8re.<br \/>Le prix comprend l\u00b4\u00e9quipement de base. L\u00b4int\u00e9gration de l\u00b4\u00e9quipement additionnel ou la modification du mat\u00e9riel font l\u00b4objet d\u00b4une offre particuli\u00e8re.<br \/>Dites-nous ce que vous d\u00e9sirez et quelles sont les conditions du site o\u00f9 la petite maison pourrait \u00eatre install\u00e9e, et notre \u00e9quipe vous proposera une solution selon vos besoins et le plan d\u00b4am\u00e9nagement de votre nouvelle maison.<br \/>La petite maison ne n\u00e9cessite pas de fondation au sol. La petite maison est mobile et install\u00e9e sur des supports faisant partie int\u00e9grante de la sous-construction de la maison. De ce fait, la petite maison n\u00b4est pas cat\u00e9goris\u00e9e en tant que construction, mais en tant que structure d\u00e9montable, ce qui rend la proc\u00e9dure li\u00e9e \u00e0 son emplacement plus facile dans les endroits o\u00f9 une autorisation est n\u00e9cessaire.<\/p>\t\t\t\t\t\t\t\t<\/div>\n\t\t\t\t<\/div>\n\t\t\t\t\t<\/div>\n\t\t<\/div>\n\t\t\t\t\t<\/div>\n\t\t<\/section>\n\t\t\t\t<\/div>","protected":false},"excerpt":{"rendered":"<p>Cena ku\u0107ice omorika OSNOVNA OPREMA:-ormani-trosed na razvla\u010denje i francuski le\u017eaj sa du\u0161ekom-kuhinja sa tehnikom (gasna ili strujna grejna plo\u010da, podpultni ugradni fri\u017eider, aspirator)-kupatilo sa svom opremom -priprema za priklju\u010denje na vodovodni sistem-priprema za priklju\u010denje na kanalizacionu mre\u017eu-bojler strujni ili gasni-laminatna podna obloga &#8211; klasa 32-\u0161estokomorna PVC spoljna stolarija (bela boja)-zavese ili rolo zavese-elektri\u010dna instalacija i [&hellip;]<\/p>","protected":false},"author":1,"featured_media":0,"parent":0,"menu_order":0,"comment_status":"closed","ping_status":"closed","template":"elementor_header_footer","meta":{"footnotes":""},"class_list":["post-449","page","type-page","status-publish","hentry"],"_links":{"self":[{"href":"https:\/\/dinatinyhomes.com\/fr\/wp-json\/wp\/v2\/pages\/449","targetHints":{"allow":["GET"]}}],"collection":[{"href":"https:\/\/dinatinyhomes.com\/fr\/wp-json\/wp\/v2\/pages"}],"about":[{"href":"https:\/\/dinatinyhomes.com\/fr\/wp-json\/wp\/v2\/types\/page"}],"author":[{"embeddable":true,"href":"https:\/\/dinatinyhomes.com\/fr\/wp-json\/wp\/v2\/users\/1"}],"replies":[{"embeddable":true,"href":"https:\/\/dinatinyhomes.com\/fr\/wp-json\/wp\/v2\/comments?post=449"}],"version-history":[{"count":13,"href":"https:\/\/dinatinyhomes.com\/fr\/wp-json\/wp\/v2\/pages\/449\/revisions"}],"predecessor-version":[{"id":517,"href":"https:\/\/dinatinyhomes.com\/fr\/wp-json\/wp\/v2\/pages\/449\/revisions\/517"}],"wp:attachment":[{"href":"https:\/\/dinatinyhomes.com\/fr\/wp-json\/wp\/v2\/media?parent=449"}],"curies":[{"name":"wp","href":"https:\/\/api.w.org\/{rel}","templated":true}]}}