{"id":306,"date":"2022-12-20T13:33:29","date_gmt":"2022-12-20T13:33:29","guid":{"rendered":"https:\/\/dinatinyhomes.com\/?page_id=306"},"modified":"2022-12-29T23:40:34","modified_gmt":"2022-12-29T23:40:34","slug":"najcesca-pitanja","status":"publish","type":"page","link":"https:\/\/dinatinyhomes.com\/fr\/najcesca-pitanja\/","title":{"rendered":"Questions Fr\u00e9quemment Pos\u00e9es"},"content":{"rendered":"<div data-elementor-type=\"wp-page\" data-elementor-id=\"306\" class=\"elementor elementor-306\" data-elementor-post-type=\"page\">\n\t\t\t\t\t\t<section class=\"elementor-section elementor-top-section elementor-element elementor-element-8bb94ff elementor-section-boxed elementor-section-height-default elementor-section-height-default\" data-id=\"8bb94ff\" data-element_type=\"section\">\n\t\t\t\t\t\t<div class=\"elementor-container elementor-column-gap-default\">\n\t\t\t\t\t<div class=\"elementor-column elementor-col-100 elementor-top-column elementor-element elementor-element-7461f12\" data-id=\"7461f12\" data-element_type=\"column\">\n\t\t\t<div class=\"elementor-widget-wrap elementor-element-populated\">\n\t\t\t\t\t\t<div class=\"elementor-element elementor-element-b8c6048 elementor-widget elementor-widget-heading\" data-id=\"b8c6048\" data-element_type=\"widget\" data-widget_type=\"heading.default\">\n\t\t\t\t<div class=\"elementor-widget-container\">\n\t\t\t\t\t<h1 class=\"elementor-heading-title elementor-size-default\">FOIRE AUX QUESTIONS<\/h1>\t\t\t\t<\/div>\n\t\t\t\t<\/div>\n\t\t\t\t\t<\/div>\n\t\t<\/div>\n\t\t\t\t\t<\/div>\n\t\t<\/section>\n\t\t\t\t<section class=\"elementor-section elementor-top-section elementor-element elementor-element-ac614ed elementor-section-boxed elementor-section-height-default elementor-section-height-default\" data-id=\"ac614ed\" data-element_type=\"section\">\n\t\t\t\t\t\t<div class=\"elementor-container elementor-column-gap-default\">\n\t\t\t\t\t<div class=\"elementor-column elementor-col-100 elementor-top-column elementor-element elementor-element-a2116dd\" data-id=\"a2116dd\" data-element_type=\"column\">\n\t\t\t<div class=\"elementor-widget-wrap elementor-element-populated\">\n\t\t\t\t\t\t<div class=\"elementor-element elementor-element-52e29b5 elementor-widget elementor-widget-text-editor\" data-id=\"52e29b5\" data-element_type=\"widget\" data-widget_type=\"text-editor.default\">\n\t\t\t\t<div class=\"elementor-widget-container\">\n\t\t\t\t\t\t\t\t\t<p>Faut-il avoir le permis de construire et une fondation au sol pour construire une petite maison ?<\/p>\t\t\t\t\t\t\t\t<\/div>\n\t\t\t\t<\/div>\n\t\t\t\t<div class=\"elementor-element elementor-element-8c47cbb elementor-widget elementor-widget-text-editor\" data-id=\"8c47cbb\" data-element_type=\"widget\" data-widget_type=\"text-editor.default\">\n\t\t\t\t<div class=\"elementor-widget-container\">\n\t\t\t\t\t\t\t\t\t<p>Les maisons sont construites en bois prot\u00e9g\u00e9 contre les attaques des champignons, des insectes et d\u00b4autres ravageurs. La structure des murs est compos\u00e9e de plusieurs cadres en bois de dimensions 5x10cm rev\u00eatus des deux c\u00f4t\u00e9s de panneaux d\u00b4OSB, de film \u00e9tanche et de pare-vapeur, tandis qu\u00b4ils sont remplis de laine min\u00e9rale de l\u00b4\u00e9paisseur de 10 cm. Le plancher et le toit sont \u00e9galement construits en bois et remplis de 15 cm de laine min\u00e9rale et de laine de roche, puis rev\u00eatus de film et de t\u00f4le.  La petite maison est \u00e9cologique et \u00e9conome en \u00e9nergie, ce qui la rend \u00e9galement adapt\u00e9e \u00e0 l\u00b4habitation.<br \/>La petite maison ne n\u00e9cessite pas de fondation au sol. La petite maison est mobile et install\u00e9e sur des supports faisant partie int\u00e9grante de la sous-construction de la maison. De ce fait, la petite maison n\u00b4est pas cat\u00e9goris\u00e9e en tant que construction, mais en tant que structure d\u00e9montable, ce qui rend la proc\u00e9dure li\u00e9e \u00e0 son emplacement plus facile dans les endroits o\u00f9 une autorisation est n\u00e9cessaire. <\/p>\t\t\t\t\t\t\t\t<\/div>\n\t\t\t\t<\/div>\n\t\t\t\t\t<\/div>\n\t\t<\/div>\n\t\t\t\t\t<\/div>\n\t\t<\/section>\n\t\t\t\t<section class=\"elementor-section elementor-top-section elementor-element elementor-element-f44f9a4 elementor-section-full_width elementor-section-height-min-height elementor-section-height-default elementor-section-items-middle\" data-id=\"f44f9a4\" data-element_type=\"section\" data-settings=\"{&quot;background_background&quot;:&quot;classic&quot;}\">\n\t\t\t\t\t\t<div class=\"elementor-container elementor-column-gap-default\">\n\t\t\t\t\t<div class=\"elementor-column elementor-col-100 elementor-top-column elementor-element elementor-element-59ee924\" data-id=\"59ee924\" data-element_type=\"column\">\n\t\t\t<div class=\"elementor-widget-wrap\">\n\t\t\t\t\t\t\t<\/div>\n\t\t<\/div>\n\t\t\t\t\t<\/div>\n\t\t<\/section>\n\t\t\t\t<section class=\"elementor-section elementor-top-section elementor-element elementor-element-f71c13a elementor-section-boxed elementor-section-height-default elementor-section-height-default\" data-id=\"f71c13a\" data-element_type=\"section\">\n\t\t\t\t\t\t<div class=\"elementor-container elementor-column-gap-default\">\n\t\t\t\t\t<div class=\"elementor-column elementor-col-100 elementor-top-column elementor-element elementor-element-cb0bff2\" data-id=\"cb0bff2\" data-element_type=\"column\">\n\t\t\t<div class=\"elementor-widget-wrap elementor-element-populated\">\n\t\t\t\t\t\t<div class=\"elementor-element elementor-element-d8e165c elementor-widget elementor-widget-text-editor\" data-id=\"d8e165c\" data-element_type=\"widget\" data-widget_type=\"text-editor.default\">\n\t\t\t\t<div class=\"elementor-widget-container\">\n\t\t\t\t\t\t\t\t\t<p>Comment installer une petite maison sur le site ?<\/p>\t\t\t\t\t\t\t\t<\/div>\n\t\t\t\t<\/div>\n\t\t\t\t<div class=\"elementor-element elementor-element-89c4573 elementor-widget elementor-widget-text-editor\" data-id=\"89c4573\" data-element_type=\"widget\" data-widget_type=\"text-editor.default\">\n\t\t\t\t<div class=\"elementor-widget-container\">\n\t\t\t\t\t\t\t\t\t<p class=\"translation-block\">Selon les conditions du site, nous pouvons vous aider \u00e0 choisir la meilleure solution. Notez que pour installer une petite maison, aucune pr\u00e9paration particuli\u00e8re du terrain n\u00b4est n\u00e9cessaire.  Si le terrain est plat, nous placerons la petite maison sur des blocs en b\u00e9ton de 30x30cm qui transf\u00e8rent ensuite la charge au sol.  Nous vous conseillons de recouvrir le terrain, dans les dimensions de la petite maison, de pierre concass\u00e9e que vous ferez compacter. Si la petite maison doit \u00eatre plac\u00e9e pr\u00e8s d\u00b4une rivi\u00e8re, nous pouvons la monter sur une plateforme ou sur un ponton.<\/p>\t\t\t\t\t\t\t\t<\/div>\n\t\t\t\t<\/div>\n\t\t\t\t\t<\/div>\n\t\t<\/div>\n\t\t\t\t\t<\/div>\n\t\t<\/section>\n\t\t\t\t<section class=\"elementor-section elementor-top-section elementor-element elementor-element-c9800c1 elementor-section-boxed elementor-section-height-default elementor-section-height-default\" data-id=\"c9800c1\" data-element_type=\"section\">\n\t\t\t\t\t\t<div class=\"elementor-container elementor-column-gap-default\">\n\t\t\t\t\t<div class=\"elementor-column elementor-col-100 elementor-top-column elementor-element elementor-element-22295e7\" data-id=\"22295e7\" data-element_type=\"column\">\n\t\t\t<div class=\"elementor-widget-wrap elementor-element-populated\">\n\t\t\t\t\t\t<div class=\"elementor-element elementor-element-ecd5220 elementor-widget elementor-widget-text-editor\" data-id=\"ecd5220\" data-element_type=\"widget\" data-widget_type=\"text-editor.default\">\n\t\t\t\t<div class=\"elementor-widget-container\">\n\t\t\t\t\t\t\t\t\t<p>Que faut-il pr\u00e9parer sur le site ?<\/p>\t\t\t\t\t\t\t\t<\/div>\n\t\t\t\t<\/div>\n\t\t\t\t<div class=\"elementor-element elementor-element-e97fdc4 elementor-widget elementor-widget-text-editor\" data-id=\"e97fdc4\" data-element_type=\"widget\" data-widget_type=\"text-editor.default\">\n\t\t\t\t<div class=\"elementor-widget-container\">\n\t\t\t\t\t\t\t\t\t<p>S\u00b4il est possible, pr\u00e9parer les raccordements \u00e0 l\u00b4\u00e9lectricit\u00e9, \u00e0 l\u00b4eau et \u00e0 la canalisation sur le site. Les raccordements doivent \u00eatre positionn\u00e9s selon l\u00b4orientation de la maison. Si vous n\u00b4avez pas de possibilit\u00e9 de raccorder la maison \u00e0 l\u00b4infrastructure municipale sur le site, nous vous offrons des solutions adapt\u00e9es \u00e0 vos besoins.  Pour l\u00b4\u00e9lectricit\u00e9, la solution consiste \u00e0 installer des panneaux solaires comprenant des batteries et des contr\u00f4leurs.  Pour l\u00b4eau, la solution est de creuser un puits ou d\u00b4installer un r\u00e9servoir.  Pour la canalisation, il faudra installer des toilettes \u00e0 compost ou une fosse septique. Les avantages de ces syst\u00e8mes r\u00e9sident dans l\u00b4ind\u00e9pendance qu\u00b4ils offrent vous permettant ainsi d\u00b4habiter o\u00f9 vous le souhaitez.<\/p>\t\t\t\t\t\t\t\t<\/div>\n\t\t\t\t<\/div>\n\t\t\t\t\t<\/div>\n\t\t<\/div>\n\t\t\t\t\t<\/div>\n\t\t<\/section>\n\t\t\t\t<section class=\"elementor-section elementor-top-section elementor-element elementor-element-86a6208 elementor-section-full_width elementor-section-height-min-height elementor-section-height-default elementor-section-items-middle\" data-id=\"86a6208\" data-element_type=\"section\" data-settings=\"{&quot;background_background&quot;:&quot;classic&quot;}\">\n\t\t\t\t\t\t<div class=\"elementor-container elementor-column-gap-default\">\n\t\t\t\t\t<div class=\"elementor-column elementor-col-100 elementor-top-column elementor-element elementor-element-d4cc9ef\" data-id=\"d4cc9ef\" data-element_type=\"column\">\n\t\t\t<div class=\"elementor-widget-wrap\">\n\t\t\t\t\t\t\t<\/div>\n\t\t<\/div>\n\t\t\t\t\t<\/div>\n\t\t<\/section>\n\t\t\t\t<section class=\"elementor-section elementor-top-section elementor-element elementor-element-a521fa4 elementor-section-boxed elementor-section-height-default elementor-section-height-default\" data-id=\"a521fa4\" data-element_type=\"section\">\n\t\t\t\t\t\t<div class=\"elementor-container elementor-column-gap-default\">\n\t\t\t\t\t<div class=\"elementor-column elementor-col-100 elementor-top-column elementor-element elementor-element-2a078e4\" data-id=\"2a078e4\" data-element_type=\"column\">\n\t\t\t<div class=\"elementor-widget-wrap elementor-element-populated\">\n\t\t\t\t\t\t<div class=\"elementor-element elementor-element-fc62b2e elementor-widget elementor-widget-text-editor\" data-id=\"fc62b2e\" data-element_type=\"widget\" data-widget_type=\"text-editor.default\">\n\t\t\t\t<div class=\"elementor-widget-container\">\n\t\t\t\t\t\t\t\t\t<p>La petite maison peut-elle \u00eatre utilis\u00e9e pendant l\u00b4hiver ?<\/p>\t\t\t\t\t\t\t\t<\/div>\n\t\t\t\t<\/div>\n\t\t\t\t<div class=\"elementor-element elementor-element-f639244 elementor-widget elementor-widget-text-editor\" data-id=\"f639244\" data-element_type=\"widget\" data-widget_type=\"text-editor.default\">\n\t\t\t\t<div class=\"elementor-widget-container\">\n\t\t\t\t\t\t\t\t\t<p>Nos petites maisons sont construites comme toutes les autres maisons d\u00e9montables ce qui les rend adapt\u00e9es \u00e0 toutes les conditions m\u00e9t\u00e9orologiques et \u00e0 tous les environnements.  L\u00b4\u00e9paisseur de l\u00b4isolation dans les murs est de 10 cm pour les mod\u00e8les standards.  Si vous souhaitez placer votre petite maison \u00e0 la montagne, nous pouvons ajouter une isolation thermique additionnelle. <\/p>\t\t\t\t\t\t\t\t<\/div>\n\t\t\t\t<\/div>\n\t\t\t\t\t<\/div>\n\t\t<\/div>\n\t\t\t\t\t<\/div>\n\t\t<\/section>\n\t\t\t\t<section class=\"elementor-section elementor-top-section elementor-element elementor-element-c730a1b elementor-section-boxed elementor-section-height-default elementor-section-height-default\" data-id=\"c730a1b\" data-element_type=\"section\">\n\t\t\t\t\t\t<div class=\"elementor-container elementor-column-gap-default\">\n\t\t\t\t\t<div class=\"elementor-column elementor-col-100 elementor-top-column elementor-element elementor-element-f7b6e47\" data-id=\"f7b6e47\" data-element_type=\"column\">\n\t\t\t<div class=\"elementor-widget-wrap elementor-element-populated\">\n\t\t\t\t\t\t<div class=\"elementor-element elementor-element-695b8ab elementor-widget elementor-widget-text-editor\" data-id=\"695b8ab\" data-element_type=\"widget\" data-widget_type=\"text-editor.default\">\n\t\t\t\t<div class=\"elementor-widget-container\">\n\t\t\t\t\t\t\t\t\t<p>Faut-il pr\u00e9parer le terrain ?<\/p>\t\t\t\t\t\t\t\t<\/div>\n\t\t\t\t<\/div>\n\t\t\t\t<div class=\"elementor-element elementor-element-75e2abd elementor-widget elementor-widget-text-editor\" data-id=\"75e2abd\" data-element_type=\"widget\" data-widget_type=\"text-editor.default\">\n\t\t\t\t<div class=\"elementor-widget-container\">\n\t\t\t\t\t\t\t\t\t<p>Nos petites maisons n\u00b4ont pas besoin d\u00b4une pr\u00e9paration particuli\u00e8re du terrain.  Avec les petites maisons, nous fournissons des blocs en b\u00e9ton qui sont install\u00e9s sous les supports m\u00e9talliques faisant partie int\u00e9grante de la maison.   Il est recommand\u00e9 de recouvrir le terrain o\u00f9 la maison sera plac\u00e9e, de pierre concass\u00e9e que vous ferez compacter.  Si possible, vous pouvez \u00e9galement construire des supports en b\u00e9ton ou une fondation en bandes. La partie inf\u00e9rieure de la maison est rev\u00eatue de t\u00f4le pour emp\u00eacher l\u00b4entr\u00e9e des insectes et des rongeurs.<\/p>\t\t\t\t\t\t\t\t<\/div>\n\t\t\t\t<\/div>\n\t\t\t\t\t<\/div>\n\t\t<\/div>\n\t\t\t\t\t<\/div>\n\t\t<\/section>\n\t\t\t\t<section class=\"elementor-section elementor-top-section elementor-element elementor-element-c73c876 elementor-section-boxed elementor-section-height-default elementor-section-height-default\" data-id=\"c73c876\" data-element_type=\"section\">\n\t\t\t\t\t\t<div class=\"elementor-container elementor-column-gap-default\">\n\t\t\t\t\t<div class=\"elementor-column elementor-col-100 elementor-top-column elementor-element elementor-element-8f3b5e9\" data-id=\"8f3b5e9\" data-element_type=\"column\">\n\t\t\t<div class=\"elementor-widget-wrap elementor-element-populated\">\n\t\t\t\t\t\t<div class=\"elementor-element elementor-element-f1d14f7 elementor-widget elementor-widget-text-editor\" data-id=\"f1d14f7\" data-element_type=\"widget\" data-widget_type=\"text-editor.default\">\n\t\t\t\t<div class=\"elementor-widget-container\">\n\t\t\t\t\t\t\t\t\t<p>Transportons-nous les petites maisons \u00e0 l\u00b4\u00e9tranger ?<\/p>\t\t\t\t\t\t\t\t<\/div>\n\t\t\t\t<\/div>\n\t\t\t\t<div class=\"elementor-element elementor-element-e63b4b3 elementor-widget elementor-widget-text-editor\" data-id=\"e63b4b3\" data-element_type=\"widget\" data-widget_type=\"text-editor.default\">\n\t\t\t\t<div class=\"elementor-widget-container\">\n\t\t\t\t\t\t\t\t\t<p>Oui, nous pouvons organiser le transport et l\u00b4installation de la petite maison \u00e0 l\u00b4endroit d\u00e9sir\u00e9. <\/p>\t\t\t\t\t\t\t\t<\/div>\n\t\t\t\t<\/div>\n\t\t\t\t\t<\/div>\n\t\t<\/div>\n\t\t\t\t\t<\/div>\n\t\t<\/section>\n\t\t\t\t<section class=\"elementor-section elementor-top-section elementor-element elementor-element-e59f708 elementor-section-full_width elementor-section-height-min-height elementor-section-height-default elementor-section-items-middle\" data-id=\"e59f708\" data-element_type=\"section\" data-settings=\"{&quot;background_background&quot;:&quot;classic&quot;}\">\n\t\t\t\t\t\t<div class=\"elementor-container elementor-column-gap-default\">\n\t\t\t\t\t<div class=\"elementor-column elementor-col-100 elementor-top-column elementor-element elementor-element-4dd2a75\" data-id=\"4dd2a75\" data-element_type=\"column\">\n\t\t\t<div class=\"elementor-widget-wrap\">\n\t\t\t\t\t\t\t<\/div>\n\t\t<\/div>\n\t\t\t\t\t<\/div>\n\t\t<\/section>\n\t\t\t\t<section class=\"elementor-section elementor-top-section elementor-element elementor-element-fc79acb elementor-section-boxed elementor-section-height-default elementor-section-height-default\" data-id=\"fc79acb\" data-element_type=\"section\">\n\t\t\t\t\t\t<div class=\"elementor-container elementor-column-gap-default\">\n\t\t\t\t\t<div class=\"elementor-column elementor-col-100 elementor-top-column elementor-element elementor-element-ba0a2d9\" data-id=\"ba0a2d9\" data-element_type=\"column\">\n\t\t\t<div class=\"elementor-widget-wrap elementor-element-populated\">\n\t\t\t\t\t\t<div class=\"elementor-element elementor-element-05d75c8 elementor-widget elementor-widget-text-editor\" data-id=\"05d75c8\" data-element_type=\"widget\" data-widget_type=\"text-editor.default\">\n\t\t\t\t<div class=\"elementor-widget-container\">\n\t\t\t\t\t\t\t\t\t<p>Le prix comprend-il le transport et le montage ?<\/p>\t\t\t\t\t\t\t\t<\/div>\n\t\t\t\t<\/div>\n\t\t\t\t<div class=\"elementor-element elementor-element-fc3bc88 elementor-widget elementor-widget-text-editor\" data-id=\"fc3bc88\" data-element_type=\"widget\" data-widget_type=\"text-editor.default\">\n\t\t\t\t<div class=\"elementor-widget-container\">\n\t\t\t\t\t\t\t\t\t<p>Le prix comprend le montage de la petite maison, y compris le positionnement et le nivellement de la maison sur le site d\u00b4emplacement. Le transport n\u00b4est pas inclus dans le prix. Le prix du transport sur le march\u00e9 est d\u00b4environ 2 EUR par kilom\u00e8tre.  Le point de d\u00e9part est notre usine situ\u00e9e \u00e0 Novi Sad.  Selon le site et les conditions, il sera peut-\u00eatre n\u00e9cessaire de disposer d\u00b4autres machines (tracteur, appareil de levage, chariot \u00e9l\u00e9vateur, etc.) ce qui pourrait \u00e9lever le prix du transport.  Le prix ne comprend pas l\u00b4op\u00e9ration de raccordement au r\u00e9seau \u00e9lectrique, \u00e0 l\u00b4eau et \u00e0 la canalisation. <\/p>\t\t\t\t\t\t\t\t<\/div>\n\t\t\t\t<\/div>\n\t\t\t\t\t<\/div>\n\t\t<\/div>\n\t\t\t\t\t<\/div>\n\t\t<\/section>\n\t\t\t\t<section class=\"elementor-section elementor-top-section elementor-element elementor-element-4f4b6b0 elementor-section-boxed elementor-section-height-default elementor-section-height-default\" data-id=\"4f4b6b0\" data-element_type=\"section\">\n\t\t\t\t\t\t<div class=\"elementor-container elementor-column-gap-default\">\n\t\t\t\t\t<div class=\"elementor-column elementor-col-100 elementor-top-column elementor-element elementor-element-4a028f0\" data-id=\"4a028f0\" data-element_type=\"column\">\n\t\t\t<div class=\"elementor-widget-wrap elementor-element-populated\">\n\t\t\t\t\t\t<div class=\"elementor-element elementor-element-7b45c96 elementor-widget elementor-widget-text-editor\" data-id=\"7b45c96\" data-element_type=\"widget\" data-widget_type=\"text-editor.default\">\n\t\t\t\t<div class=\"elementor-widget-container\">\n\t\t\t\t\t\t\t\t\t<p>Quelle est la dur\u00e9e de garantie pour la petite maison ?<\/p>\t\t\t\t\t\t\t\t<\/div>\n\t\t\t\t<\/div>\n\t\t\t\t<div class=\"elementor-element elementor-element-150cff0 elementor-widget elementor-widget-text-editor\" data-id=\"150cff0\" data-element_type=\"widget\" data-widget_type=\"text-editor.default\">\n\t\t\t\t<div class=\"elementor-widget-container\">\n\t\t\t\t\t\t\t\t\t<p>La garantie sur la construction de la maison est 10 ans. La garantie sur les mat\u00e9riaux, l\u00b4\u00e9quipement et la technique varie selon les sp\u00e9cifications du fabricant, de 2 \u00e0 10 ans.  La garantie ne couvre pas les dommages m\u00e9caniques, les dommages caus\u00e9s par une utilisation incorrecte ou non professionnelle de l\u00b4\u00e9quipement, des parties de la maison ou de la maison enti\u00e8re. <\/p>\t\t\t\t\t\t\t\t<\/div>\n\t\t\t\t<\/div>\n\t\t\t\t\t<\/div>\n\t\t<\/div>\n\t\t\t\t\t<\/div>\n\t\t<\/section>\n\t\t\t\t<section class=\"elementor-section elementor-top-section elementor-element elementor-element-4b87307 elementor-section-boxed elementor-section-height-default elementor-section-height-default\" data-id=\"4b87307\" data-element_type=\"section\">\n\t\t\t\t\t\t<div class=\"elementor-container elementor-column-gap-default\">\n\t\t\t\t\t<div class=\"elementor-column elementor-col-100 elementor-top-column elementor-element elementor-element-d3e3fdf\" data-id=\"d3e3fdf\" data-element_type=\"column\">\n\t\t\t<div class=\"elementor-widget-wrap elementor-element-populated\">\n\t\t\t\t\t\t<div class=\"elementor-element elementor-element-3071715 elementor-widget elementor-widget-text-editor\" data-id=\"3071715\" data-element_type=\"widget\" data-widget_type=\"text-editor.default\">\n\t\t\t\t<div class=\"elementor-widget-container\">\n\t\t\t\t\t\t\t\t\t<p>Comment est chauff\u00e9e la maison ?<\/p>\t\t\t\t\t\t\t\t<\/div>\n\t\t\t\t<\/div>\n\t\t\t\t<div class=\"elementor-element elementor-element-b9fe60b elementor-widget elementor-widget-text-editor\" data-id=\"b9fe60b\" data-element_type=\"widget\" data-widget_type=\"text-editor.default\">\n\t\t\t\t<div class=\"elementor-widget-container\">\n\t\t\t\t\t\t\t\t\t<p>Si vous avez acc\u00e8s \u00e0 l\u00b4\u00e9lectricit\u00e9 sur la parcelle, nous recommandons l\u00b4installation d\u00b4un climatiseur inverter pour le chauffage et la climatisation.  Si vous n\u00b4avez pas acc\u00e8s \u00e0 l\u00b4\u00e9lectricit\u00e9, vous pouvez installer un appareil Webasto, une po\u00eale \u00e0 gaz ou une po\u00eale \u00e0 combustible solide (granul\u00e9s ou bois) pour le chauffage.<\/p>\t\t\t\t\t\t\t\t<\/div>\n\t\t\t\t<\/div>\n\t\t\t\t\t<\/div>\n\t\t<\/div>\n\t\t\t\t\t<\/div>\n\t\t<\/section>\n\t\t\t\t<section class=\"elementor-section elementor-top-section elementor-element elementor-element-ffc85ec elementor-section-boxed elementor-section-height-default elementor-section-height-default\" data-id=\"ffc85ec\" data-element_type=\"section\">\n\t\t\t\t\t\t<div class=\"elementor-container elementor-column-gap-default\">\n\t\t\t\t\t<div class=\"elementor-column elementor-col-100 elementor-top-column elementor-element elementor-element-147bab9\" data-id=\"147bab9\" data-element_type=\"column\">\n\t\t\t<div class=\"elementor-widget-wrap elementor-element-populated\">\n\t\t\t\t\t\t<div class=\"elementor-element elementor-element-eea47c0 elementor-align-center elementor-mobile-align-justify elementor-widget elementor-widget-button\" data-id=\"eea47c0\" data-element_type=\"widget\" data-widget_type=\"button.default\">\n\t\t\t\t<div class=\"elementor-widget-container\">\n\t\t\t\t\t\t\t\t\t<div class=\"elementor-button-wrapper\">\n\t\t\t\t\t<a class=\"elementor-button elementor-button-link elementor-size-lg\" href=\"https:\/\/dinatinyhomes.com\/fr\/kontakt\/\">\n\t\t\t\t\t\t<span class=\"elementor-button-content-wrapper\">\n\t\t\t\t\t\t\t\t\t<span class=\"elementor-button-text\">Contactez-nous<\/span>\n\t\t\t\t\t<\/span>\n\t\t\t\t\t<\/a>\n\t\t\t\t<\/div>\n\t\t\t\t\t\t\t\t<\/div>\n\t\t\t\t<\/div>\n\t\t\t\t\t<\/div>\n\t\t<\/div>\n\t\t\t\t\t<\/div>\n\t\t<\/section>\n\t\t\t\t<\/div>","protected":false},"excerpt":{"rendered":"<p>NAJ\u010cE\u0160\u0106A PITANJA Da li je za ku\u0107ice potrebna gra\u0111evinska dozvola i temelj? Ku\u0107ice se izra\u0111uju od drveta za\u0161ti\u0107enog od gljivica, insekata i drugih \u0161teto\u010dina. Konfiguracija zida se sastoje od vi\u0161e drvenih ramova dimenzija 5cmx10cm, koji su sa obe strane oblo\u017eeni OSB plo\u010dom, vodonepropusnom folijom i parnom branom, a ispunjeni su mineralnom vunom debljine 10cm. Pod [&hellip;]<\/p>","protected":false},"author":1,"featured_media":0,"parent":0,"menu_order":0,"comment_status":"closed","ping_status":"closed","template":"elementor_header_footer","meta":{"footnotes":""},"class_list":["post-306","page","type-page","status-publish","hentry"],"_links":{"self":[{"href":"https:\/\/dinatinyhomes.com\/fr\/wp-json\/wp\/v2\/pages\/306","targetHints":{"allow":["GET"]}}],"collection":[{"href":"https:\/\/dinatinyhomes.com\/fr\/wp-json\/wp\/v2\/pages"}],"about":[{"href":"https:\/\/dinatinyhomes.com\/fr\/wp-json\/wp\/v2\/types\/page"}],"author":[{"embeddable":true,"href":"https:\/\/dinatinyhomes.com\/fr\/wp-json\/wp\/v2\/users\/1"}],"replies":[{"embeddable":true,"href":"https:\/\/dinatinyhomes.com\/fr\/wp-json\/wp\/v2\/comments?post=306"}],"version-history":[{"count":10,"href":"https:\/\/dinatinyhomes.com\/fr\/wp-json\/wp\/v2\/pages\/306\/revisions"}],"predecessor-version":[{"id":496,"href":"https:\/\/dinatinyhomes.com\/fr\/wp-json\/wp\/v2\/pages\/306\/revisions\/496"}],"wp:attachment":[{"href":"https:\/\/dinatinyhomes.com\/fr\/wp-json\/wp\/v2\/media?parent=306"}],"curies":[{"name":"wp","href":"https:\/\/api.w.org\/{rel}","templated":true}]}}