{"id":468,"date":"2022-12-28T02:40:00","date_gmt":"2022-12-28T02:40:00","guid":{"rendered":"https:\/\/dinatinyhomes.com\/?page_id=468"},"modified":"2025-05-26T13:40:59","modified_gmt":"2025-05-26T13:40:59","slug":"cena-kucice-tisa","status":"publish","type":"page","link":"https:\/\/dinatinyhomes.com\/en\/cena-kucice-tisa\/","title":{"rendered":"Cena ku\u0107ice Tisa"},"content":{"rendered":"<div data-elementor-type=\"wp-page\" data-elementor-id=\"468\" class=\"elementor elementor-468\" data-elementor-post-type=\"page\">\n\t\t\t\t\t\t<section class=\"elementor-section elementor-top-section elementor-element elementor-element-59edd25 elementor-section-boxed elementor-section-height-default elementor-section-height-default\" data-id=\"59edd25\" data-element_type=\"section\">\n\t\t\t\t\t\t<div class=\"elementor-container elementor-column-gap-default\">\n\t\t\t\t\t<div class=\"elementor-column elementor-col-100 elementor-top-column elementor-element elementor-element-39b04ae\" data-id=\"39b04ae\" data-element_type=\"column\">\n\t\t\t<div class=\"elementor-widget-wrap elementor-element-populated\">\n\t\t\t\t\t\t<div class=\"elementor-element elementor-element-603c660 elementor-widget elementor-widget-heading\" data-id=\"603c660\" data-element_type=\"widget\" data-widget_type=\"heading.default\">\n\t\t\t\t<div class=\"elementor-widget-container\">\n\t\t\t\t\t<h1 class=\"elementor-heading-title elementor-size-default\">Cena ku\u0107ice tisa<\/h1>\t\t\t\t<\/div>\n\t\t\t\t<\/div>\n\t\t\t\t\t<\/div>\n\t\t<\/div>\n\t\t\t\t\t<\/div>\n\t\t<\/section>\n\t\t\t\t<section class=\"elementor-section elementor-top-section elementor-element elementor-element-5a42692 elementor-section-boxed elementor-section-height-default elementor-section-height-default\" data-id=\"5a42692\" data-element_type=\"section\" data-settings=\"{&quot;background_background&quot;:&quot;classic&quot;}\">\n\t\t\t\t\t\t<div class=\"elementor-container elementor-column-gap-default\">\n\t\t\t\t\t<div class=\"elementor-column elementor-col-50 elementor-top-column elementor-element elementor-element-d08d524\" data-id=\"d08d524\" data-element_type=\"column\">\n\t\t\t<div class=\"elementor-widget-wrap elementor-element-populated\">\n\t\t\t\t\t\t<div class=\"elementor-element elementor-element-b8df104 elementor-widget elementor-widget-text-editor\" data-id=\"b8df104\" data-element_type=\"widget\" data-widget_type=\"text-editor.default\">\n\t\t\t\t<div class=\"elementor-widget-container\">\n\t\t\t\t\t\t\t\t\t<p class=\"translation-block\">Basic equipment:<br>\n\nWall cabinets<br>\nStretch three-seater sofa and double bed with mattress<br>\nEquipped kitchen (gas or electric stove, undercounter built-in refrigerator, hood)<br>\nFully equipped bathroom <br>\nPreparation for connection to the water supply system<br>\nPreparation for connection to the sewerage network<br>\nElectric or gas boiler<br>\nLaminate floor covering \u2013 class 32<br>\nSix-chamber system PVC exterior joinery (white)<br>\nCurtains or roll-up curtains<br>\nElectrical installation and accessories<br>\nLED lighting<br>\nPreparation for connection to the power grid<br>\nExterior wall formwork (wood or facade Styrofoam)<br>\nInterior wall cladding (wood, Rigips boards or laminated panels)<br>\nAir-conditioning<br><\/p>\t\t\t\t\t\t\t\t<\/div>\n\t\t\t\t<\/div>\n\t\t\t\t\t<\/div>\n\t\t<\/div>\n\t\t\t\t<div class=\"elementor-column elementor-col-50 elementor-top-column elementor-element elementor-element-c68a766\" data-id=\"c68a766\" data-element_type=\"column\">\n\t\t\t<div class=\"elementor-widget-wrap elementor-element-populated\">\n\t\t\t\t\t\t<div class=\"elementor-element elementor-element-7e4f0a0 elementor-widget elementor-widget-text-editor\" data-id=\"7e4f0a0\" data-element_type=\"widget\" data-widget_type=\"text-editor.default\">\n\t\t\t\t<div class=\"elementor-widget-container\">\n\t\t\t\t\t\t\t\t\t<p class=\"translation-block\">Additional Equipment:<br>\n\nTerrace with or without canopy (3mx4m or 3mx6m)<br>\nAwning<br>\nPVC exterior wall cladding (wood appearance, multi-colour)<br>\nAdditional insulation (winter mountain conditions)<br>\nSix-chamber system PVC exterior joinery, colour selection (anthracite\/white, golden oak, walnut, aluminium\/wood)<br>\nLayered wooden floor (Tarkett, multiple colours and patterns)<br>\nTechnical or potable water tank<br>\nNatural stone shower liner (multiple colours and patterns)<br>\nComposting or chemical toilet<br>\nElectric battery system with solar panels and controller<br>\nInverter air conditioner<br>\nSmart home system, alarm, video surveillance with remote access, remote control of heating and cooling, mobile Wi-Fi internet<br>\nInduction plate<br>\nOven<br>\nDishwasher<br>\nWashing machine<br>\nTV device, Hi-Fi device<br>\nStretch corner set (double)<br>\nSelection of sleeping mattresses<br>\nDecorative elements, carpets, bedding, dishes, electric home appliances of your choice<br><\/p>\t\t\t\t\t\t\t\t<\/div>\n\t\t\t\t<\/div>\n\t\t\t\t\t<\/div>\n\t\t<\/div>\n\t\t\t\t\t<\/div>\n\t\t<\/section>\n\t\t\t\t<section class=\"elementor-section elementor-top-section elementor-element elementor-element-4c31f9e elementor-section-boxed elementor-section-height-default elementor-section-height-default\" data-id=\"4c31f9e\" data-element_type=\"section\">\n\t\t\t\t\t\t<div class=\"elementor-container elementor-column-gap-default\">\n\t\t\t\t\t<div class=\"elementor-column elementor-col-100 elementor-top-column elementor-element elementor-element-1bf66e5\" data-id=\"1bf66e5\" data-element_type=\"column\">\n\t\t\t<div class=\"elementor-widget-wrap elementor-element-populated\">\n\t\t\t\t\t\t<div class=\"elementor-element elementor-element-4eb5a3e elementor-widget elementor-widget-text-editor\" data-id=\"4eb5a3e\" data-element_type=\"widget\" data-widget_type=\"text-editor.default\">\n\t\t\t\t<div class=\"elementor-widget-container\">\n\t\t\t\t\t\t\t\t\t<p>The price is inclusive of complete kitchen and furniture sets (gas or electric appliances from the list of essentials) and sanitary facilities, making the tiny home ready for use as soon as it is moved into place. It is up to you to choose the designs, colours, materials and level of equipment.<\/p><p>The price refers to the basic level of equipment.  Installation of additional equipment or changes in materials are the subject of a special offer.<\/p><p>Tell us about your preferences and what the conditions are in the location where you plan to place your tiny home, and our staff will provide a solution and equipment level for your new home based on your specific requirements.<br \/>The price refers to the basic level of equipment.  Installation of additional equipment or changes in materials are the subject of a special offer.<br \/>Tell us about your preferences and what the conditions are in the location where you plan to place your tiny home, and our staff will provide a solution and equipment level for your new home based on your specific requirements.<\/p>\t\t\t\t\t\t\t\t<\/div>\n\t\t\t\t<\/div>\n\t\t\t\t<div class=\"elementor-element elementor-element-89e2917 elementor-widget-divider--view-line elementor-widget elementor-widget-divider\" data-id=\"89e2917\" data-element_type=\"widget\" data-widget_type=\"divider.default\">\n\t\t\t\t<div class=\"elementor-widget-container\">\n\t\t\t\t\t\t\t<div class=\"elementor-divider\">\n\t\t\t<span class=\"elementor-divider-separator\">\n\t\t\t\t\t\t<\/span>\n\t\t<\/div>\n\t\t\t\t\t\t<\/div>\n\t\t\t\t<\/div>\n\t\t\t\t\t<\/div>\n\t\t<\/div>\n\t\t\t\t\t<\/div>\n\t\t<\/section>\n\t\t\t\t<section class=\"elementor-section elementor-top-section elementor-element elementor-element-dbd0454 elementor-section-boxed elementor-section-height-default elementor-section-height-default\" data-id=\"dbd0454\" data-element_type=\"section\">\n\t\t\t\t\t\t<div class=\"elementor-container elementor-column-gap-default\">\n\t\t\t\t\t<div class=\"elementor-column elementor-col-100 elementor-top-column elementor-element elementor-element-0ce4ba4\" data-id=\"0ce4ba4\" data-element_type=\"column\" data-settings=\"{&quot;background_background&quot;:&quot;classic&quot;}\">\n\t\t\t<div class=\"elementor-widget-wrap elementor-element-populated\">\n\t\t\t\t\t\t<div class=\"elementor-element elementor-element-4140e52 elementor-widget elementor-widget-heading\" data-id=\"4140e52\" data-element_type=\"widget\" data-widget_type=\"heading.default\">\n\t\t\t\t<div class=\"elementor-widget-container\">\n\t\t\t\t\t<h1 class=\"elementor-heading-title elementor-size-default\">PRICE: 45,000 EUR + PDV<\/h1>\t\t\t\t<\/div>\n\t\t\t\t<\/div>\n\t\t\t\t<div class=\"elementor-element elementor-element-638f7c5 elementor-widget-divider--view-line elementor-widget elementor-widget-divider\" data-id=\"638f7c5\" data-element_type=\"widget\" data-widget_type=\"divider.default\">\n\t\t\t\t<div class=\"elementor-widget-container\">\n\t\t\t\t\t\t\t<div class=\"elementor-divider\">\n\t\t\t<span class=\"elementor-divider-separator\">\n\t\t\t\t\t\t<\/span>\n\t\t<\/div>\n\t\t\t\t\t\t<\/div>\n\t\t\t\t<\/div>\n\t\t\t\t\t<\/div>\n\t\t<\/div>\n\t\t\t\t\t<\/div>\n\t\t<\/section>\n\t\t\t\t<section class=\"elementor-section elementor-top-section elementor-element elementor-element-bb66f1d elementor-section-boxed elementor-section-height-default elementor-section-height-default\" data-id=\"bb66f1d\" data-element_type=\"section\">\n\t\t\t\t\t\t<div class=\"elementor-container elementor-column-gap-default\">\n\t\t\t\t\t<div class=\"elementor-column elementor-col-100 elementor-top-column elementor-element elementor-element-3aae836\" data-id=\"3aae836\" data-element_type=\"column\">\n\t\t\t<div class=\"elementor-widget-wrap elementor-element-populated\">\n\t\t\t\t\t\t<div class=\"elementor-element elementor-element-9955504 elementor-widget elementor-widget-text-editor\" data-id=\"9955504\" data-element_type=\"widget\" data-widget_type=\"text-editor.default\">\n\t\t\t\t<div class=\"elementor-widget-container\">\n\t\t\t\t\t\t\t\t\t<p>The price of the tiny home placement covers the placement and levelling of the tiny home at the designated site.<\/p><p>Transport nije uklju\u010den u cenu. Cena transporta se na tr\u017ei\u0161tu kre\u0107e oko 2\u20ac po pre\u0111enom kilometru. Na\u0161a proizvodnja se nalazi u Novom Sadu.<\/p><p>The price does not include connection to electricity, water, or sewage systems.<\/p><p><strong>Payment schedule:<\/strong><br \/>Radi lak\u0161eg planiranja termina izgradnje i isporuke prilikom inicijalnog dogovora upla\u0107uje se kapara u iznosu od 1000 eur \u010dime ste obezbedili svoj rok za izgradnju i \u010dime ste upisani u kalendar \u010dekanja. <br \/><br \/>U narednih 7-10 dana sa na\u0161im arhitektama se dogovarate oko materijala, dezene, boja i nivoa opremljenosti va\u0161eg novog doma. <br \/><br \/>Nakon dogovora potrebno je uplatiti 60% od ukupne cene nakon \u010dega poru\u010dujemo materijale i opremu. Ostatak iznosa se upla\u0107uje po zavr\u0161etku gradnje i opremanja. Dan pre isporuke je potrebno uplatiti iznos za tro\u0161kove transporta ku\u0107ice.<\/p><p>Garancija na konstrukciju ku\u0107e je 10 godina. Garancija na materijale, opremu i tehniku je po proizvo\u0111a\u010dkoj specifikaciji 2-10 godina. Garancija na materijale, opremu i tehniku je po proizvo\u0111a\u010dkoj specifikaciji od 2 \u2013 10 godina. <br \/><br \/>Garancija ne obuhvata mehani\u010dka o\u0161te\u0107enja, o\u0161te\u0107enja usled nepravilnog ili nestru\u010dnog kori\u0161\u0107enja opreme, delova ku\u0107ice ili ku\u0107ice u celini.<br \/><br \/>Za postavljanje ku\u0107e <b>nije potreban temelj<\/b>. Ku\u0107a je prenosiva i <b>postavlja se na stope <\/b>koje su sastavni deo podkonstrukcije ku\u0107e. Samim tim se ku\u0107a <b>ne kategori\u0161e kao gra\u0111evinski objekat<\/b>, ve\u0107 kao privremeni monta\u017eni objekat \u0161to olak\u0161ava proceduru oko postavljanja ukoliko je na lokaciji potrebna dozvola.<\/p>\t\t\t\t\t\t\t\t<\/div>\n\t\t\t\t<\/div>\n\t\t\t\t\t<\/div>\n\t\t<\/div>\n\t\t\t\t\t<\/div>\n\t\t<\/section>\n\t\t\t\t<\/div>","protected":false},"excerpt":{"rendered":"<p>Cena ku\u0107ice tisa OSNOVNA OPREMA:-ormani-trosed na razvla\u010denje i dva francuska le\u017eaja sa du\u0161ekom ili singl kreveti-kuhinja sa tehnikom (gasna ili strujna grejna plo\u010da, podpultni ugradni fri\u017eider, aspirator,mini rerna)-kupatilo sa svom opremom -priprema za priklju\u010denje na vodovodni sistem-priprema za priklju\u010denje na kanalizacionu mre\u017eu-bojler strujni ili gasni-laminatna podna obloga &#8211; klasa 32-\u0161estokomorna PVC spoljna stolarija (bela boja)-zavese [&hellip;]<\/p>","protected":false},"author":1,"featured_media":0,"parent":0,"menu_order":0,"comment_status":"closed","ping_status":"closed","template":"elementor_header_footer","meta":{"footnotes":""},"class_list":["post-468","page","type-page","status-publish","hentry"],"_links":{"self":[{"href":"https:\/\/dinatinyhomes.com\/en\/wp-json\/wp\/v2\/pages\/468","targetHints":{"allow":["GET"]}}],"collection":[{"href":"https:\/\/dinatinyhomes.com\/en\/wp-json\/wp\/v2\/pages"}],"about":[{"href":"https:\/\/dinatinyhomes.com\/en\/wp-json\/wp\/v2\/types\/page"}],"author":[{"embeddable":true,"href":"https:\/\/dinatinyhomes.com\/en\/wp-json\/wp\/v2\/users\/1"}],"replies":[{"embeddable":true,"href":"https:\/\/dinatinyhomes.com\/en\/wp-json\/wp\/v2\/comments?post=468"}],"version-history":[{"count":14,"href":"https:\/\/dinatinyhomes.com\/en\/wp-json\/wp\/v2\/pages\/468\/revisions"}],"predecessor-version":[{"id":732,"href":"https:\/\/dinatinyhomes.com\/en\/wp-json\/wp\/v2\/pages\/468\/revisions\/732"}],"wp:attachment":[{"href":"https:\/\/dinatinyhomes.com\/en\/wp-json\/wp\/v2\/media?parent=468"}],"curies":[{"name":"wp","href":"https:\/\/api.w.org\/{rel}","templated":true}]}}