{"id":449,"date":"2022-12-28T02:20:38","date_gmt":"2022-12-28T02:20:38","guid":{"rendered":"https:\/\/dinatinyhomes.com\/?page_id=449"},"modified":"2024-05-10T19:06:08","modified_gmt":"2024-05-10T19:06:08","slug":"cena-kucice-omorika","status":"publish","type":"page","link":"https:\/\/dinatinyhomes.com\/en\/cena-kucice-omorika\/","title":{"rendered":"Cena ku\u0107ice Omorika"},"content":{"rendered":"<div data-elementor-type=\"wp-page\" data-elementor-id=\"449\" class=\"elementor elementor-449\" data-elementor-post-type=\"page\">\n\t\t\t\t\t\t<section class=\"elementor-section elementor-top-section elementor-element elementor-element-1f4ea95 elementor-section-boxed elementor-section-height-default elementor-section-height-default\" data-id=\"1f4ea95\" data-element_type=\"section\">\n\t\t\t\t\t\t<div class=\"elementor-container elementor-column-gap-default\">\n\t\t\t\t\t<div class=\"elementor-column elementor-col-100 elementor-top-column elementor-element elementor-element-420fbe0\" data-id=\"420fbe0\" data-element_type=\"column\">\n\t\t\t<div class=\"elementor-widget-wrap elementor-element-populated\">\n\t\t\t\t\t\t<div class=\"elementor-element elementor-element-023f8eb elementor-widget elementor-widget-heading\" data-id=\"023f8eb\" data-element_type=\"widget\" data-widget_type=\"heading.default\">\n\t\t\t\t<div class=\"elementor-widget-container\">\n\t\t\t\t\t<h1 class=\"elementor-heading-title elementor-size-default\">Price of the Omorika House<\/h1>\t\t\t\t<\/div>\n\t\t\t\t<\/div>\n\t\t\t\t\t<\/div>\n\t\t<\/div>\n\t\t\t\t\t<\/div>\n\t\t<\/section>\n\t\t\t\t<section class=\"elementor-section elementor-top-section elementor-element elementor-element-c769646 elementor-section-boxed elementor-section-height-default elementor-section-height-default\" data-id=\"c769646\" data-element_type=\"section\" data-settings=\"{&quot;background_background&quot;:&quot;classic&quot;}\">\n\t\t\t\t\t\t<div class=\"elementor-container elementor-column-gap-default\">\n\t\t\t\t\t<div class=\"elementor-column elementor-col-50 elementor-top-column elementor-element elementor-element-59d192d\" data-id=\"59d192d\" data-element_type=\"column\">\n\t\t\t<div class=\"elementor-widget-wrap elementor-element-populated\">\n\t\t\t\t\t\t<div class=\"elementor-element elementor-element-3a7d13e elementor-widget elementor-widget-text-editor\" data-id=\"3a7d13e\" data-element_type=\"widget\" data-widget_type=\"text-editor.default\">\n\t\t\t\t<div class=\"elementor-widget-container\">\n\t\t\t\t\t\t\t\t\t<p class=\"translation-block\">Basic equipment:<br>\n\nWall cabinets<br>\nStretch three-seater sofa and double bed with mattress<br>\nEquipped kitchen (gas or electric stove, undercounter built-in refrigerator, hood)<br>\nFully equipped bathroom <br>\nPreparation for connection to the water supply system<br>\nPreparation for connection to the sewerage network<br>\nElectric or gas boiler<br>\nLaminate floor covering \u2013 class 32<br>\nSix-chamber system PVC exterior joinery (white)<br>\nCurtains or roll-up curtains<br>\nElectrical installation and accessories<br>\nLED lighting<br>\nPreparation for connection to the power grid<br>\nExterior wall formwork (wood or facade Styrofoam)<br>\nInterior wall cladding (wood, Rigips boards or laminated panels)<br>\nAir-conditioning<br><\/p>\t\t\t\t\t\t\t\t<\/div>\n\t\t\t\t<\/div>\n\t\t\t\t\t<\/div>\n\t\t<\/div>\n\t\t\t\t<div class=\"elementor-column elementor-col-50 elementor-top-column elementor-element elementor-element-83d7985\" data-id=\"83d7985\" data-element_type=\"column\">\n\t\t\t<div class=\"elementor-widget-wrap elementor-element-populated\">\n\t\t\t\t\t\t<div class=\"elementor-element elementor-element-16f10f5 elementor-widget elementor-widget-text-editor\" data-id=\"16f10f5\" data-element_type=\"widget\" data-widget_type=\"text-editor.default\">\n\t\t\t\t<div class=\"elementor-widget-container\">\n\t\t\t\t\t\t\t\t\t<p class=\"translation-block\">Additional Equipment:<br>\n\nTerrace with or without canopy (3mx4m or 3mx6m)<br>\nAwning<br>\nPVC exterior wall cladding (wood appearance, multi-colour)<br>\nAdditional insulation (winter mountain conditions)<br>\nSix-chamber system PVC exterior joinery, colour selection (anthracite\/white, golden oak, walnut, aluminium\/wood)<br>\nLayered wooden floor (Tarkett, multiple colours and patterns)<br>\nTechnical or potable water tank<br>\nNatural stone shower liner (multiple colours and patterns)<br>\nComposting or chemical toilet<br>\nElectric battery system with solar panels and controller<br>\nInverter air conditioner<br>\nSmart home system, alarm, video surveillance with remote access, remote control of heating and cooling, mobile Wi-Fi internet<br>\nInduction plate<br>\nOven<br>\nDishwasher<br>\nWashing machine<br>\nTV device, Hi-Fi device<br>\nStretch corner set (double)<br>\nSelection of sleeping mattresses<br>\nDecorative elements, carpets, bedding, dishes, electric home appliances of your choice<br><\/p>\t\t\t\t\t\t\t\t<\/div>\n\t\t\t\t<\/div>\n\t\t\t\t\t<\/div>\n\t\t<\/div>\n\t\t\t\t\t<\/div>\n\t\t<\/section>\n\t\t\t\t<section class=\"elementor-section elementor-top-section elementor-element elementor-element-8877563 elementor-section-boxed elementor-section-height-default elementor-section-height-default\" data-id=\"8877563\" data-element_type=\"section\">\n\t\t\t\t\t\t<div class=\"elementor-container elementor-column-gap-default\">\n\t\t\t\t\t<div class=\"elementor-column elementor-col-100 elementor-top-column elementor-element elementor-element-847b2e3\" data-id=\"847b2e3\" data-element_type=\"column\">\n\t\t\t<div class=\"elementor-widget-wrap elementor-element-populated\">\n\t\t\t\t\t\t<div class=\"elementor-element elementor-element-28935f5 elementor-widget elementor-widget-text-editor\" data-id=\"28935f5\" data-element_type=\"widget\" data-widget_type=\"text-editor.default\">\n\t\t\t\t<div class=\"elementor-widget-container\">\n\t\t\t\t\t\t\t\t\t<p>The price is inclusive of complete kitchen and furniture sets (gas or electric appliances from the list of essentials) and sanitary facilities, making the tiny home ready for use as soon as it is moved into place. It is up to you to choose the designs, colours, materials and level of equipment.<\/p><p><br \/>The price refers to the basic level of equipment.  Installation of additional equipment or changes in materials are the subject of a special offer.<\/p><p><br \/>Tell us about your preferences and what the conditions are in the location where you plan to place your tiny home, and our staff will provide a solution and equipment level for your new home based on your specific requirements.<\/p>\t\t\t\t\t\t\t\t<\/div>\n\t\t\t\t<\/div>\n\t\t\t\t<div class=\"elementor-element elementor-element-3d68b89 elementor-widget-divider--view-line elementor-widget elementor-widget-divider\" data-id=\"3d68b89\" data-element_type=\"widget\" data-widget_type=\"divider.default\">\n\t\t\t\t<div class=\"elementor-widget-container\">\n\t\t\t\t\t\t\t<div class=\"elementor-divider\">\n\t\t\t<span class=\"elementor-divider-separator\">\n\t\t\t\t\t\t<\/span>\n\t\t<\/div>\n\t\t\t\t\t\t<\/div>\n\t\t\t\t<\/div>\n\t\t\t\t\t<\/div>\n\t\t<\/div>\n\t\t\t\t\t<\/div>\n\t\t<\/section>\n\t\t\t\t<section class=\"elementor-section elementor-top-section elementor-element elementor-element-94a9450 elementor-section-boxed elementor-section-height-default elementor-section-height-default\" data-id=\"94a9450\" data-element_type=\"section\">\n\t\t\t\t\t\t<div class=\"elementor-container elementor-column-gap-default\">\n\t\t\t\t\t<div class=\"elementor-column elementor-col-100 elementor-top-column elementor-element elementor-element-a41144a\" data-id=\"a41144a\" data-element_type=\"column\" data-settings=\"{&quot;background_background&quot;:&quot;classic&quot;}\">\n\t\t\t<div class=\"elementor-widget-wrap elementor-element-populated\">\n\t\t\t\t\t\t<div class=\"elementor-element elementor-element-4254a8e elementor-widget elementor-widget-heading\" data-id=\"4254a8e\" data-element_type=\"widget\" data-widget_type=\"heading.default\">\n\t\t\t\t<div class=\"elementor-widget-container\">\n\t\t\t\t\t<h1 class=\"elementor-heading-title elementor-size-default\">PRICE: 33,000 EUR + PDV<\/h1>\t\t\t\t<\/div>\n\t\t\t\t<\/div>\n\t\t\t\t<div class=\"elementor-element elementor-element-fa47dfd elementor-widget-divider--view-line elementor-widget elementor-widget-divider\" data-id=\"fa47dfd\" data-element_type=\"widget\" data-widget_type=\"divider.default\">\n\t\t\t\t<div class=\"elementor-widget-container\">\n\t\t\t\t\t\t\t<div class=\"elementor-divider\">\n\t\t\t<span class=\"elementor-divider-separator\">\n\t\t\t\t\t\t<\/span>\n\t\t<\/div>\n\t\t\t\t\t\t<\/div>\n\t\t\t\t<\/div>\n\t\t\t\t<div class=\"elementor-element elementor-element-9173502 elementor-widget elementor-widget-text-editor\" data-id=\"9173502\" data-element_type=\"widget\" data-widget_type=\"text-editor.default\">\n\t\t\t\t<div class=\"elementor-widget-container\">\n\t\t\t\t\t\t\t\t\t<p>The price of the tiny home placement covers the placement and levelling of the tiny home at the designated site.<\/p><p>Transport is not included in the price. The market cost of transport is about EUR 2\/km. Our production plant is located in Novi Sad.<\/p><p>Transport is not included in the price. The market cost of transport is about EUR 2\/km. Our production plant is located in Novi Sad.<\/p><p><strong>Payment schedule:<\/strong><br \/>A down payment of EUR 1,000 will be made during the initial meeting, to ensure your construction deadline and place you on the waiting list, making it easier to arrange the construction and delivery date. In the next seven to ten days, you and our architects will decide on the materials, patterns, colours, and degree of furnishings for your new tiny home. Following the agreement, you will pay sixty percent of the total cost, and we will then proceed to order supplies and equipment. The remaining sum is paid after the building and equipment are finished. The payment for the cost of transporting the tiny home is made on the day before delivery.<\/p><p>The warranty on the structure of a tiny home is 10 years. The warranty on materials, equipment and technical equipment is 2-10 years, depending on the manufacturer's specification. The warranty is not inclusive of mechanical damage, damage due to improper or unskilful use of equipment, parts of the tiny home or tiny home as a whole.<br \/>The price refers to the basic level of equipment.  Installation of additional equipment or changes in materials are the subject of a special offer.<br \/>Tell us about your preferences and what the conditions are in the location where you plan to place your tiny home, and our staff will provide a solution and equipment level for your new home based on your specific requirements.<br \/>No foundation is needed for placing the tiny home. The tiny home is portable and placed on supports that are an integral part of its substructure. As a result, it is classified as a temporary prefabricated facility rather than a building, which makes placement easier in the event that a permit is needed at the location.<\/p>\t\t\t\t\t\t\t\t<\/div>\n\t\t\t\t<\/div>\n\t\t\t\t\t<\/div>\n\t\t<\/div>\n\t\t\t\t\t<\/div>\n\t\t<\/section>\n\t\t\t\t<\/div>","protected":false},"excerpt":{"rendered":"<p>Cena ku\u0107ice omorika OSNOVNA OPREMA:-ormani-trosed na razvla\u010denje i francuski le\u017eaj sa du\u0161ekom-kuhinja sa tehnikom (gasna ili strujna grejna plo\u010da, podpultni ugradni fri\u017eider, aspirator)-kupatilo sa svom opremom -priprema za priklju\u010denje na vodovodni sistem-priprema za priklju\u010denje na kanalizacionu mre\u017eu-bojler strujni ili gasni-laminatna podna obloga &#8211; klasa 32-\u0161estokomorna PVC spoljna stolarija (bela boja)-zavese ili rolo zavese-elektri\u010dna instalacija i [&hellip;]<\/p>","protected":false},"author":1,"featured_media":0,"parent":0,"menu_order":0,"comment_status":"closed","ping_status":"closed","template":"elementor_header_footer","meta":{"footnotes":""},"class_list":["post-449","page","type-page","status-publish","hentry"],"_links":{"self":[{"href":"https:\/\/dinatinyhomes.com\/en\/wp-json\/wp\/v2\/pages\/449","targetHints":{"allow":["GET"]}}],"collection":[{"href":"https:\/\/dinatinyhomes.com\/en\/wp-json\/wp\/v2\/pages"}],"about":[{"href":"https:\/\/dinatinyhomes.com\/en\/wp-json\/wp\/v2\/types\/page"}],"author":[{"embeddable":true,"href":"https:\/\/dinatinyhomes.com\/en\/wp-json\/wp\/v2\/users\/1"}],"replies":[{"embeddable":true,"href":"https:\/\/dinatinyhomes.com\/en\/wp-json\/wp\/v2\/comments?post=449"}],"version-history":[{"count":13,"href":"https:\/\/dinatinyhomes.com\/en\/wp-json\/wp\/v2\/pages\/449\/revisions"}],"predecessor-version":[{"id":517,"href":"https:\/\/dinatinyhomes.com\/en\/wp-json\/wp\/v2\/pages\/449\/revisions\/517"}],"wp:attachment":[{"href":"https:\/\/dinatinyhomes.com\/en\/wp-json\/wp\/v2\/media?parent=449"}],"curies":[{"name":"wp","href":"https:\/\/api.w.org\/{rel}","templated":true}]}}