{"id":449,"date":"2022-12-28T02:20:38","date_gmt":"2022-12-28T02:20:38","guid":{"rendered":"https:\/\/dinatinyhomes.com\/?page_id=449"},"modified":"2024-05-10T19:06:08","modified_gmt":"2024-05-10T19:06:08","slug":"cena-kucice-omorika","status":"publish","type":"page","link":"https:\/\/dinatinyhomes.com\/de\/cena-kucice-omorika\/","title":{"rendered":"Cena ku\u0107ice Omorika"},"content":{"rendered":"<div data-elementor-type=\"wp-page\" data-elementor-id=\"449\" class=\"elementor elementor-449\" data-elementor-post-type=\"page\">\n\t\t\t\t\t\t<section class=\"elementor-section elementor-top-section elementor-element elementor-element-1f4ea95 elementor-section-boxed elementor-section-height-default elementor-section-height-default\" data-id=\"1f4ea95\" data-element_type=\"section\">\n\t\t\t\t\t\t<div class=\"elementor-container elementor-column-gap-default\">\n\t\t\t\t\t<div class=\"elementor-column elementor-col-100 elementor-top-column elementor-element elementor-element-420fbe0\" data-id=\"420fbe0\" data-element_type=\"column\">\n\t\t\t<div class=\"elementor-widget-wrap elementor-element-populated\">\n\t\t\t\t\t\t<div class=\"elementor-element elementor-element-023f8eb elementor-widget elementor-widget-heading\" data-id=\"023f8eb\" data-element_type=\"widget\" data-widget_type=\"heading.default\">\n\t\t\t\t<div class=\"elementor-widget-container\">\n\t\t\t\t\t<h1 class=\"elementor-heading-title elementor-size-default\">Preis des Omorika-H\u00e4uschens<\/h1>\t\t\t\t<\/div>\n\t\t\t\t<\/div>\n\t\t\t\t\t<\/div>\n\t\t<\/div>\n\t\t\t\t\t<\/div>\n\t\t<\/section>\n\t\t\t\t<section class=\"elementor-section elementor-top-section elementor-element elementor-element-c769646 elementor-section-boxed elementor-section-height-default elementor-section-height-default\" data-id=\"c769646\" data-element_type=\"section\" data-settings=\"{&quot;background_background&quot;:&quot;classic&quot;}\">\n\t\t\t\t\t\t<div class=\"elementor-container elementor-column-gap-default\">\n\t\t\t\t\t<div class=\"elementor-column elementor-col-50 elementor-top-column elementor-element elementor-element-59d192d\" data-id=\"59d192d\" data-element_type=\"column\">\n\t\t\t<div class=\"elementor-widget-wrap elementor-element-populated\">\n\t\t\t\t\t\t<div class=\"elementor-element elementor-element-3a7d13e elementor-widget elementor-widget-text-editor\" data-id=\"3a7d13e\" data-element_type=\"widget\" data-widget_type=\"text-editor.default\">\n\t\t\t\t<div class=\"elementor-widget-container\">\n\t\t\t\t\t\t\t\t\t<p class=\"translation-block\">Grundausstattung:<br>\n\nSchr\u00e4nke<br>\nSchlafsofa und franz\u00f6sisches Doppelbett mit Matratze<br>\nK\u00fcche mit Elektroger\u00e4ten (Gas oder Elektrokochplatte, Einbauk\u00fchlschrank unter der Theke, Dunstabzugshaube)<br>\nBadezimmer mit aller Ausstattung <br>\nVorbereitung auf den Anschluss an das Wasserversorgungssystem<br>\nVorbereitung auf den Anschluss an das Abwassernetz<br>\nElektro- oder Gaskessel<br>\nLaminatbodenbelag \u2013 Klasse 32<br>\nSechskammer-PVC-Au\u00dfenschreinerei (wei\u00dfe Farbe)<br>\nVorh\u00e4nge oder Rollos<br>\nElektroinstallation und Galanterie<br>\nLED-Beleuchtung<br>\nVorbereitung auf den Anschluss an das Stromnetz<br>\nAu\u00dfenwandverkleidung (Holz oder Fassadenstyropor)<br>\nInnenwandverkleidung (Holz, Rigipsplatten oder Schichtstoffplatten)<br>\nKlimaanlage<br><\/p>\t\t\t\t\t\t\t\t<\/div>\n\t\t\t\t<\/div>\n\t\t\t\t\t<\/div>\n\t\t<\/div>\n\t\t\t\t<div class=\"elementor-column elementor-col-50 elementor-top-column elementor-element elementor-element-83d7985\" data-id=\"83d7985\" data-element_type=\"column\">\n\t\t\t<div class=\"elementor-widget-wrap elementor-element-populated\">\n\t\t\t\t\t\t<div class=\"elementor-element elementor-element-16f10f5 elementor-widget elementor-widget-text-editor\" data-id=\"16f10f5\" data-element_type=\"widget\" data-widget_type=\"text-editor.default\">\n\t\t\t\t<div class=\"elementor-widget-container\">\n\t\t\t\t\t\t\t\t\t<p class=\"translation-block\">Zus\u00e4tzliche Ausstattung:<br>\n\nTerrasse mit oder ohne \u00dcberdachung (3mx4m oder 3mx6m)<br>\nMarkise<br>\nPVC-Au\u00dfenwandverkleidung (Holzoptik, mehrere Farben)<br>\nZus\u00e4tzliche Isolierung (winterliche Bergbedingungen)<br>\nSechskammer-PVC-Au\u00dfenschreinerei, Farbauswahl (Anthrazit\/Wei\u00df, Goldeiche, Walnuss, Aluminium\/Holz)<br>\nMehrschichtiger Holzboden (Tarkett, mehrere Farben und Muster)<br>\nTank f\u00fcr Brauchwasser oder Trinkwasser<br>\nVerkleidung der Duschkabine aus Naturstein (mehrere Farben und Muster)<br>\nKompost- oder Chemietoilette<br>\nElektrisches Batteriesystem mit Solarpaneelen und Controller<br>\nInverter-Klimaanlage<br>\nSmart-Home-System, Alarm, Video\u00fcberwachung mit Fernzugriff, Fernsteuerung der Heizung und K\u00fchlung, mobiles WLAN<br>\nInduktionsplatte<br>\nBackofen<br>\nSp\u00fclmaschine<br>\nWaschmaschine<br>\nFernseher, Hi-Fi-Anlage<br>\nEcksofagarnitur (Doppelbett)<br>\nAuswahl der Schlafmatratze<br>\nDekoration, Teppiche, Bettw\u00e4sche, Geschirr, Elektrohausger\u00e4te nach Ihrer Wahl<br><\/p>\t\t\t\t\t\t\t\t<\/div>\n\t\t\t\t<\/div>\n\t\t\t\t\t<\/div>\n\t\t<\/div>\n\t\t\t\t\t<\/div>\n\t\t<\/section>\n\t\t\t\t<section class=\"elementor-section elementor-top-section elementor-element elementor-element-8877563 elementor-section-boxed elementor-section-height-default elementor-section-height-default\" data-id=\"8877563\" data-element_type=\"section\">\n\t\t\t\t\t\t<div class=\"elementor-container elementor-column-gap-default\">\n\t\t\t\t\t<div class=\"elementor-column elementor-col-100 elementor-top-column elementor-element elementor-element-847b2e3\" data-id=\"847b2e3\" data-element_type=\"column\">\n\t\t\t<div class=\"elementor-widget-wrap elementor-element-populated\">\n\t\t\t\t\t\t<div class=\"elementor-element elementor-element-28935f5 elementor-widget elementor-widget-text-editor\" data-id=\"28935f5\" data-element_type=\"widget\" data-widget_type=\"text-editor.default\">\n\t\t\t\t<div class=\"elementor-widget-container\">\n\t\t\t\t\t\t\t\t\t<p>Im Preis sind komplette M\u00f6bel  und K\u00fcchger\u00e4te (Elektro-oder G\u00e4sger\u00e4te aus der Grundausstattungsliste) sowie Sanit\u00e4ranlagen inbegriffen, so dass das H\u00e4uschen am selben Tag der Aufstellung zum Wohnen geeignet ist. Die Muster, Farben, Materialien und Ausstatttung k\u00f6nnen Sie ausw\u00e4hlen.<\/p><p><br \/>Der Preis bezieht sich auf Grundausstattung.  Der Einbau zus\u00e4tzlicherr Ger\u00e4te oder Material\u00e4nderungen sind Gegenstand des Sonderangebotes.<\/p><p><br \/>Teilen Sie uns Ihre W\u00fcnsche mit und welche Bedingungen am Standort, an dem das H\u00e4uschen potenziell aufgestellt werden soll, herrschen und unser Team wird entsprechend Ihren Bed\u00fcrfnissen eine L\u00f6sung und den Ausstattungsgrad Ihres neuen Zuhauses vorschlagen.<\/p>\t\t\t\t\t\t\t\t<\/div>\n\t\t\t\t<\/div>\n\t\t\t\t<div class=\"elementor-element elementor-element-3d68b89 elementor-widget-divider--view-line elementor-widget elementor-widget-divider\" data-id=\"3d68b89\" data-element_type=\"widget\" data-widget_type=\"divider.default\">\n\t\t\t\t<div class=\"elementor-widget-container\">\n\t\t\t\t\t\t\t<div class=\"elementor-divider\">\n\t\t\t<span class=\"elementor-divider-separator\">\n\t\t\t\t\t\t<\/span>\n\t\t<\/div>\n\t\t\t\t\t\t<\/div>\n\t\t\t\t<\/div>\n\t\t\t\t\t<\/div>\n\t\t<\/div>\n\t\t\t\t\t<\/div>\n\t\t<\/section>\n\t\t\t\t<section class=\"elementor-section elementor-top-section elementor-element elementor-element-94a9450 elementor-section-boxed elementor-section-height-default elementor-section-height-default\" data-id=\"94a9450\" data-element_type=\"section\">\n\t\t\t\t\t\t<div class=\"elementor-container elementor-column-gap-default\">\n\t\t\t\t\t<div class=\"elementor-column elementor-col-100 elementor-top-column elementor-element elementor-element-a41144a\" data-id=\"a41144a\" data-element_type=\"column\" data-settings=\"{&quot;background_background&quot;:&quot;classic&quot;}\">\n\t\t\t<div class=\"elementor-widget-wrap elementor-element-populated\">\n\t\t\t\t\t\t<div class=\"elementor-element elementor-element-4254a8e elementor-widget elementor-widget-heading\" data-id=\"4254a8e\" data-element_type=\"widget\" data-widget_type=\"heading.default\">\n\t\t\t\t<div class=\"elementor-widget-container\">\n\t\t\t\t\t<h1 class=\"elementor-heading-title elementor-size-default\">PREIS: 33,000 EUR + PDV<\/h1>\t\t\t\t<\/div>\n\t\t\t\t<\/div>\n\t\t\t\t<div class=\"elementor-element elementor-element-fa47dfd elementor-widget-divider--view-line elementor-widget elementor-widget-divider\" data-id=\"fa47dfd\" data-element_type=\"widget\" data-widget_type=\"divider.default\">\n\t\t\t\t<div class=\"elementor-widget-container\">\n\t\t\t\t\t\t\t<div class=\"elementor-divider\">\n\t\t\t<span class=\"elementor-divider-separator\">\n\t\t\t\t\t\t<\/span>\n\t\t<\/div>\n\t\t\t\t\t\t<\/div>\n\t\t\t\t<\/div>\n\t\t\t\t<div class=\"elementor-element elementor-element-9173502 elementor-widget elementor-widget-text-editor\" data-id=\"9173502\" data-element_type=\"widget\" data-widget_type=\"text-editor.default\">\n\t\t\t\t<div class=\"elementor-widget-container\">\n\t\t\t\t\t\t\t\t\t<p>Im Preis ist Montage des H\u00e4uschen inbegriffen, wie auch die Positionierung und Nivellierung des H\u00e4uschen am Standort.<\/p><p>Transport ist nicht im Preis inbegriffen. Der Transportpreis auf dem Markt liegt bei etwa 2 Euro pro gefahrenem Kilometer. Unsere Produktion befindet sich in Novi Sad.<\/p><p>Transport ist nicht im Preis inbegriffen. Der Transportpreis auf dem Markt liegt bei etwa 2 Eur pro gefahrenem Kilometer. Unsere Produktion befindet sich in Novi Sad.<\/p><p><strong>Zahlungsdynamik:<\/strong><br \/>Bei der Erstvereinbarung wird eine Anzahlung in H\u00f6he von 1000 Euro eigenzahlt wegen leichterer Planung des Baues und Lieferterminen, wobei Sie sich Ihre Baufrist gesichert haben und mit der Sie in den Wartekalender eingetragen sind. In den n\u00e4chsten 7-10 Tagen werden Sie sich mit unsreren Architekten \u00fcber Materialien, Muster, Farben und Ausstattung Ihres neues Zuhauses vereinbaren. Nach der Vereinbarung ist es n\u00f6tig, 60 % des Gesamtpreises einzuzahlen, danach bestellen wir die Materialien und die Ausstattung. Der Restbetrag wird nach Abschlusses des Baues und Einrichtungsarbeiten eingezahlt. Am Tag vor der Lieferung ist es notwendig, den Betrag f\u00fcr die Transportkosten des H\u00e4uschen einzuzahlen.<\/p><p>Die Gew\u00e4hrleistungsfrist f\u00fcr den Bau des H\u00e4uschen ist 10 Jahre. Die Gew\u00e4rleistungsfrist auf Material, Austattung und Technik ist laut Spezifikation des Herstellers von 2 -10 Jahren. Die Gew\u00e4hrleistung enth\u00e4lt keine mechanischen Sch\u00e4den, Sch\u00e4den aufgrund nicht richtigen oder unsachgem\u00e4\u00dfer Verwendung von Austattung , Teilen des H\u00e4uschen oder H\u00e4uschen im allgemeinen.<br \/>Der Preis bezieht sich auf Grundausstattung.  Der Einbau zus\u00e4tzlicherr Ger\u00e4te oder Material\u00e4nderungen sind Gegenstand des Sonderangebotes.<br \/>Teilen Sie uns Ihre W\u00fcnsche mit und welche Bedingungen am Standort, an dem das H\u00e4uschen potenziell aufgestellt werden soll, herrschen und unser Team wird entsprechend Ihren Bed\u00fcrfnissen eine L\u00f6sung und den Ausstattungsgrad Ihres neuen Zuhauses vorschlagen.<br \/>F\u00fcr die Errichtimg des H\u00e4uschen ist kein Fundament erforderlich. Das H\u00e4uschchen ist tragbar und wird auf die F\u00fc\u00dfe gestellt, die Bestandteil der Unterkonstruktion des H\u00e4uschen sind. Das H\u00e4uschen wird nicht als Bauobjekt eingestuft, sondern als tempor\u00e4res Montageobjekt, was die Prozedur der Aufstellung erleichtert, wenn vor Ort Genehmigung erforderlich ist.<\/p>\t\t\t\t\t\t\t\t<\/div>\n\t\t\t\t<\/div>\n\t\t\t\t\t<\/div>\n\t\t<\/div>\n\t\t\t\t\t<\/div>\n\t\t<\/section>\n\t\t\t\t<\/div>","protected":false},"excerpt":{"rendered":"<p>Cena ku\u0107ice omorika OSNOVNA OPREMA:-ormani-trosed na razvla\u010denje i francuski le\u017eaj sa du\u0161ekom-kuhinja sa tehnikom (gasna ili strujna grejna plo\u010da, podpultni ugradni fri\u017eider, aspirator)-kupatilo sa svom opremom -priprema za priklju\u010denje na vodovodni sistem-priprema za priklju\u010denje na kanalizacionu mre\u017eu-bojler strujni ili gasni-laminatna podna obloga &#8211; klasa 32-\u0161estokomorna PVC spoljna stolarija (bela boja)-zavese ili rolo zavese-elektri\u010dna instalacija i [&hellip;]<\/p>","protected":false},"author":1,"featured_media":0,"parent":0,"menu_order":0,"comment_status":"closed","ping_status":"closed","template":"elementor_header_footer","meta":{"footnotes":""},"class_list":["post-449","page","type-page","status-publish","hentry"],"_links":{"self":[{"href":"https:\/\/dinatinyhomes.com\/de\/wp-json\/wp\/v2\/pages\/449","targetHints":{"allow":["GET"]}}],"collection":[{"href":"https:\/\/dinatinyhomes.com\/de\/wp-json\/wp\/v2\/pages"}],"about":[{"href":"https:\/\/dinatinyhomes.com\/de\/wp-json\/wp\/v2\/types\/page"}],"author":[{"embeddable":true,"href":"https:\/\/dinatinyhomes.com\/de\/wp-json\/wp\/v2\/users\/1"}],"replies":[{"embeddable":true,"href":"https:\/\/dinatinyhomes.com\/de\/wp-json\/wp\/v2\/comments?post=449"}],"version-history":[{"count":13,"href":"https:\/\/dinatinyhomes.com\/de\/wp-json\/wp\/v2\/pages\/449\/revisions"}],"predecessor-version":[{"id":517,"href":"https:\/\/dinatinyhomes.com\/de\/wp-json\/wp\/v2\/pages\/449\/revisions\/517"}],"wp:attachment":[{"href":"https:\/\/dinatinyhomes.com\/de\/wp-json\/wp\/v2\/media?parent=449"}],"curies":[{"name":"wp","href":"https:\/\/api.w.org\/{rel}","templated":true}]}}