{"id":392,"date":"2022-12-27T16:36:40","date_gmt":"2022-12-27T16:36:40","guid":{"rendered":"https:\/\/dinatinyhomes.com\/?page_id=392"},"modified":"2024-05-10T19:05:55","modified_gmt":"2024-05-10T19:05:55","slug":"cena-kucice-malena","status":"publish","type":"page","link":"https:\/\/dinatinyhomes.com\/de\/cena-kucice-malena\/","title":{"rendered":"Preis des Hauses Malena"},"content":{"rendered":"<div data-elementor-type=\"wp-page\" data-elementor-id=\"392\" class=\"elementor elementor-392\" data-elementor-post-type=\"page\">\n\t\t\t\t\t\t<section class=\"elementor-section elementor-top-section elementor-element elementor-element-16da7ca elementor-section-boxed elementor-section-height-default elementor-section-height-default\" data-id=\"16da7ca\" data-element_type=\"section\">\n\t\t\t\t\t\t<div class=\"elementor-container elementor-column-gap-default\">\n\t\t\t\t\t<div class=\"elementor-column elementor-col-100 elementor-top-column elementor-element elementor-element-b352908\" data-id=\"b352908\" data-element_type=\"column\">\n\t\t\t<div class=\"elementor-widget-wrap elementor-element-populated\">\n\t\t\t\t\t\t<div class=\"elementor-element elementor-element-e19f8c5 elementor-widget elementor-widget-heading\" data-id=\"e19f8c5\" data-element_type=\"widget\" data-widget_type=\"heading.default\">\n\t\t\t\t<div class=\"elementor-widget-container\">\n\t\t\t\t\t<h1 class=\"elementor-heading-title elementor-size-default\">PREIS DES HAUSES MALENA<\/h1>\t\t\t\t<\/div>\n\t\t\t\t<\/div>\n\t\t\t\t\t<\/div>\n\t\t<\/div>\n\t\t\t\t\t<\/div>\n\t\t<\/section>\n\t\t\t\t<section class=\"elementor-section elementor-top-section elementor-element elementor-element-0675efb elementor-section-boxed elementor-section-height-default elementor-section-height-default\" data-id=\"0675efb\" data-element_type=\"section\" data-settings=\"{&quot;background_background&quot;:&quot;classic&quot;}\">\n\t\t\t\t\t\t<div class=\"elementor-container elementor-column-gap-default\">\n\t\t\t\t\t<div class=\"elementor-column elementor-col-50 elementor-top-column elementor-element elementor-element-b58eede\" data-id=\"b58eede\" data-element_type=\"column\">\n\t\t\t<div class=\"elementor-widget-wrap elementor-element-populated\">\n\t\t\t\t\t\t<div class=\"elementor-element elementor-element-dab03cd elementor-widget elementor-widget-text-editor\" data-id=\"dab03cd\" data-element_type=\"widget\" data-widget_type=\"text-editor.default\">\n\t\t\t\t<div class=\"elementor-widget-container\">\n\t\t\t\t\t\t\t\t\t<p class=\"translation-block\">Grundausstattung:<br>\n\nSchr\u00e4nke<br>\nKlappsofa<br>\nK\u00fcche mit Elektroger\u00e4ten (Gas oder Elektrokochplatte, Einbauk\u00fchlschrank unter der Theke, Dunstabzugshaube)<br>\nBadezimmer mit aller Ausstattung<br>\nVorbereitung auf den Anschluss an das Wasserversorgungssystem<br>\nVorbereitung auf den Anschluss an das Abwassernetz<br>\nElektro- oder Gaskessel<br>\nLaminatbodenbelag \u2013 Klasse 32<br>\nSechskammer-PVC-Au\u00dfenschreinerei (wei\u00dfe Farbe)<br>\nVorh\u00e4nge oder Rollos<br>\nElektroinstallation und Zubeh\u00f6r<br>\nLED Beleuchtung<br>\nVorbereitung auf den Anschluss an das Stromnetz<br>\nAu\u00dfenwandverkleidung (Holz oder Fassadenstyropor)<br>\nInnenwandverkleidung (Holz, Rigipsplatten oder laminierte Platten)<br>\nKlimaanlage<br><\/p>\t\t\t\t\t\t\t\t<\/div>\n\t\t\t\t<\/div>\n\t\t\t\t\t<\/div>\n\t\t<\/div>\n\t\t\t\t<div class=\"elementor-column elementor-col-50 elementor-top-column elementor-element elementor-element-c5fecf5\" data-id=\"c5fecf5\" data-element_type=\"column\">\n\t\t\t<div class=\"elementor-widget-wrap elementor-element-populated\">\n\t\t\t\t\t\t<div class=\"elementor-element elementor-element-8b06ef2 elementor-widget elementor-widget-text-editor\" data-id=\"8b06ef2\" data-element_type=\"widget\" data-widget_type=\"text-editor.default\">\n\t\t\t\t<div class=\"elementor-widget-container\">\n\t\t\t\t\t\t\t\t\t<p class=\"translation-block\">Zus\u00e4tzliche Ausstattung:<br>\n\nAnh\u00e4nger<br>\nMarkise oder Pergola (je nachdem, ob das Objekt station\u00e4r oder mobil ist)<br>\nTerrasse mit elektrischem Absenk- und Hebesystem<br>\nTerrasse mit oder ohne \u00dcberdachung (3mx4m oder 3mx6m)<br>\nPVC-Au\u00dfenwandverkleidung (Holzoptik, mehrere Farben)<br>\nZus\u00e4tzliche Isolierung (winterliche Bergbedingungen)<br>\nSechskammer-PVC-Au\u00dfenschreinerei, Farbauswahl (Anthrazit\/Wei\u00df, Goldeiche, Walnuss, Aluminium\/Holz)<br>\nMehrschichtiger Holzboden (Tarkett, mehrere Farben und Muster)<br>\nTank f\u00fcr Brauchwasser oder Trinkwasser<br>\nVerkleidung der Duschkabine aus Naturstein (mehrere Farben und Muster)<br>\nKompost- oder Chemietoilette<br>\nElektrisches Batteriesystem mit Solarpaneelen und Controller<br>\nInverter-Klimaanlage<br>\nSmart-Home-System, Alarm, Video\u00fcberwachung mit Fernzugriff, Fernsteuerung der Heizung und K\u00fchlung, mobiles WLAN<br>\nInduktionsplatte<br>\nBackofen<br>\nSp\u00fclmaschine<br>\nWaschmaschine<br>\nFernseher, Hi-Fi-Anlage<br>\nEcksofagarnitur (Doppelbett)<br>\nAuswahl der Schlafmatratzen<br>\nBett in der Wand mit Absenkmechanismus und Matratze<br>\nDekoration, Teppiche, Bettw\u00e4sche, Geschirr, Elektrohausger\u00e4te nach Ihrer Wahl<br><\/p>\t\t\t\t\t\t\t\t<\/div>\n\t\t\t\t<\/div>\n\t\t\t\t\t<\/div>\n\t\t<\/div>\n\t\t\t\t\t<\/div>\n\t\t<\/section>\n\t\t\t\t<section class=\"elementor-section elementor-top-section elementor-element elementor-element-faec531 elementor-section-boxed elementor-section-height-default elementor-section-height-default\" data-id=\"faec531\" data-element_type=\"section\">\n\t\t\t\t\t\t<div class=\"elementor-container elementor-column-gap-default\">\n\t\t\t\t\t<div class=\"elementor-column elementor-col-100 elementor-top-column elementor-element elementor-element-06d14e3\" data-id=\"06d14e3\" data-element_type=\"column\">\n\t\t\t<div class=\"elementor-widget-wrap elementor-element-populated\">\n\t\t\t\t\t\t<div class=\"elementor-element elementor-element-91acc85 elementor-widget elementor-widget-text-editor\" data-id=\"91acc85\" data-element_type=\"widget\" data-widget_type=\"text-editor.default\">\n\t\t\t\t<div class=\"elementor-widget-container\">\n\t\t\t\t\t\t\t\t\t<p>Im Preis sind komplette M\u00f6bel  und K\u00fcchger\u00e4te (Elektro-oder G\u00e4sger\u00e4te aus der Grundausstattungsliste) sowie Sanit\u00e4ranlagen inbegriffen, so dass das H\u00e4uschen am selben Tag der Aufstellung zum Wohnen geeignet ist. Die Muster, Farben, Materialien und Ausstatttung k\u00f6nnen Sie ausw\u00e4hlen.<\/p><p><br \/>Der Preis bezieht sich auf Grundausstattung.  Der Einbau zus\u00e4tzlicherr Ger\u00e4te oder Material\u00e4nderungen sind Gegenstand des Sonderangebotes.<\/p><p class=\"translation-block\">Teilen Sie uns Ihre W\u00fcnsche mit und welche Bedingungen am Standort, an dem das H\u00e4uschen potenziell aufgestellt werden soll, herrschen und unser Team wird entsprechend Ihren Bed\u00fcrfnissen eine L\u00f6sung und den Ausstattungsgrad Ihres neuen Zuhauses vorschlagen.<\/p>\t\t\t\t\t\t\t\t<\/div>\n\t\t\t\t<\/div>\n\t\t\t\t<div class=\"elementor-element elementor-element-ddc668b elementor-widget-divider--view-line elementor-widget elementor-widget-divider\" data-id=\"ddc668b\" data-element_type=\"widget\" data-widget_type=\"divider.default\">\n\t\t\t\t<div class=\"elementor-widget-container\">\n\t\t\t\t\t\t\t<div class=\"elementor-divider\">\n\t\t\t<span class=\"elementor-divider-separator\">\n\t\t\t\t\t\t<\/span>\n\t\t<\/div>\n\t\t\t\t\t\t<\/div>\n\t\t\t\t<\/div>\n\t\t\t\t\t<\/div>\n\t\t<\/div>\n\t\t\t\t\t<\/div>\n\t\t<\/section>\n\t\t\t\t<section class=\"elementor-section elementor-top-section elementor-element elementor-element-53212ee elementor-section-boxed elementor-section-height-default elementor-section-height-default\" data-id=\"53212ee\" data-element_type=\"section\">\n\t\t\t\t\t\t<div class=\"elementor-container elementor-column-gap-default\">\n\t\t\t\t\t<div class=\"elementor-column elementor-col-100 elementor-top-column elementor-element elementor-element-bc22f4f\" data-id=\"bc22f4f\" data-element_type=\"column\" data-settings=\"{&quot;background_background&quot;:&quot;classic&quot;}\">\n\t\t\t<div class=\"elementor-widget-wrap elementor-element-populated\">\n\t\t\t\t\t\t<div class=\"elementor-element elementor-element-3c6b710 elementor-widget elementor-widget-heading\" data-id=\"3c6b710\" data-element_type=\"widget\" data-widget_type=\"heading.default\">\n\t\t\t\t<div class=\"elementor-widget-container\">\n\t\t\t\t\t<h1 class=\"elementor-heading-title elementor-size-default\">PREIS: 23,000 EUR + PDV<\/h1>\t\t\t\t<\/div>\n\t\t\t\t<\/div>\n\t\t\t\t\t<\/div>\n\t\t<\/div>\n\t\t\t\t\t<\/div>\n\t\t<\/section>\n\t\t\t\t<section class=\"elementor-section elementor-top-section elementor-element elementor-element-a5f4293 elementor-section-boxed elementor-section-height-default elementor-section-height-default\" data-id=\"a5f4293\" data-element_type=\"section\">\n\t\t\t\t\t\t<div class=\"elementor-container elementor-column-gap-default\">\n\t\t\t\t\t<div class=\"elementor-column elementor-col-100 elementor-top-column elementor-element elementor-element-1013991\" data-id=\"1013991\" data-element_type=\"column\">\n\t\t\t<div class=\"elementor-widget-wrap elementor-element-populated\">\n\t\t\t\t\t\t<div class=\"elementor-element elementor-element-5725fdf elementor-widget-divider--view-line elementor-widget elementor-widget-divider\" data-id=\"5725fdf\" data-element_type=\"widget\" data-widget_type=\"divider.default\">\n\t\t\t\t<div class=\"elementor-widget-container\">\n\t\t\t\t\t\t\t<div class=\"elementor-divider\">\n\t\t\t<span class=\"elementor-divider-separator\">\n\t\t\t\t\t\t<\/span>\n\t\t<\/div>\n\t\t\t\t\t\t<\/div>\n\t\t\t\t<\/div>\n\t\t\t\t<div class=\"elementor-element elementor-element-8ce26d7 elementor-widget elementor-widget-text-editor\" data-id=\"8ce26d7\" data-element_type=\"widget\" data-widget_type=\"text-editor.default\">\n\t\t\t\t<div class=\"elementor-widget-container\">\n\t\t\t\t\t\t\t\t\t<p>Im Preis ist Montage des H\u00e4uschen inbegriffen, wie auch die Positionierung und Nivellierung des H\u00e4uschen am Standort.<\/p><p>Transport ist nicht im Preis inbegriffen. Der Transportpreis auf dem Markt liegt bei etwa 2 Eur pro gefahrenem Kilometer. Unsere Produktion befindet sich in Novi Sad.<\/p><p><strong>Zahlungsdynamik:<\/strong><br \/>Bei der Erstvereinbarung wird eine Anzahlung in H\u00f6he von 1000 Euro eigenzahlt wegen leichterer Planung des Baues und Lieferterminen, wobei Sie sich Ihre Baufrist gesichert haben und mit der Sie in den Wartekalender eingetragen sind. In den n\u00e4chsten 7-10 Tagen werden Sie sich mit unsreren Architekten \u00fcber Materialien, Muster, Farben und Ausstattung Ihres neues Zuhauses vereinbaren. Nach der Vereinbarung ist es n\u00f6tig, 60 % des Gesamtpreises einzuzahlen, danach bestellen wir die Materialien und die Ausstattung. Der Restbetrag wird nach Abschlusses des Baues und Einrichtungsarbeiten eingezahlt. Am Tag vor der Lieferung ist es notwendig, den Betrag f\u00fcr die Transportkosten des H\u00e4uschen einzuzahlen.<\/p><p>Die Gew\u00e4hrleistungsfrist f\u00fcr den Bau des H\u00e4uschen ist 10 Jahre. Die Gew\u00e4rleistungsfrist auf Material, Austattung und Technik ist laut Spezifikation des Herstellers von 2 -10 Jahren. Die Gew\u00e4hrleistung enth\u00e4lt keine mechanischen Sch\u00e4den, Sch\u00e4den aufgrund nicht richtigen oder unsachgem\u00e4\u00dfer Verwendung von Austattung , Teilen des H\u00e4uschen oder H\u00e4uschen im allgemeinen. <br \/>Der Preis bezieht sich auf Grundausstattung.  Der Einbau zus\u00e4tzlicherr Ger\u00e4te oder Material\u00e4nderungen sind Gegenstand des Sonderangebotes.<br \/>Teilen Sie uns Ihre W\u00fcnsche mit und welche Bedingungen am Standort, an dem das H\u00e4uschen potenziell aufgestellt werden soll, herrschen und unser Team wird entsprechend Ihren Bed\u00fcrfnissen eine L\u00f6sung und den Ausstattungsgrad Ihres neuen Zuhauses vorschlagen.<br \/>F\u00fcr die Errichtimg des H\u00e4uschen ist kein Fundament erforderlich. Das H\u00e4uschchen ist tragbar und wird auf die F\u00fc\u00dfe gestellt, die Bestandteil der Unterkonstruktion des H\u00e4uschen sind. Das H\u00e4uschen wird nicht als Bauobjekt eingestuft, sondern als tempor\u00e4res Montageobjekt, was die Prozedur der Aufstellung erleichtert, wenn vor Ort Genehmigung erforderlich ist.<\/p>\t\t\t\t\t\t\t\t<\/div>\n\t\t\t\t<\/div>\n\t\t\t\t\t<\/div>\n\t\t<\/div>\n\t\t\t\t\t<\/div>\n\t\t<\/section>\n\t\t\t\t<\/div>","protected":false},"excerpt":{"rendered":"<p>Cena ku\u0107ice malena OSNOVNA OPREMA:-ormani-trosed na razvla\u010denje -kuhinja sa tehnikom (gasna ili strujna grejna plo\u010da, podpultni ugradni fri\u017eider, aspirator)-kupatilo sa svom opremom -priprema za priklju\u010denje na vodovodni sistem-priprema za priklju\u010denje na kanalizacionu mre\u017eu-bojler strujni ili gasni-laminatna podna obloga &#8211; klasa 32-\u0161estokomorna PVC spoljna stolarija (bela boja)-zavese ili rolo zavese-elektri\u010dna instalacija i galanterija-led rasveta-priprema za priklju\u010denje [&hellip;]<\/p>","protected":false},"author":1,"featured_media":0,"parent":0,"menu_order":0,"comment_status":"closed","ping_status":"closed","template":"elementor_header_footer","meta":{"footnotes":""},"class_list":["post-392","page","type-page","status-publish","hentry"],"_links":{"self":[{"href":"https:\/\/dinatinyhomes.com\/de\/wp-json\/wp\/v2\/pages\/392","targetHints":{"allow":["GET"]}}],"collection":[{"href":"https:\/\/dinatinyhomes.com\/de\/wp-json\/wp\/v2\/pages"}],"about":[{"href":"https:\/\/dinatinyhomes.com\/de\/wp-json\/wp\/v2\/types\/page"}],"author":[{"embeddable":true,"href":"https:\/\/dinatinyhomes.com\/de\/wp-json\/wp\/v2\/users\/1"}],"replies":[{"embeddable":true,"href":"https:\/\/dinatinyhomes.com\/de\/wp-json\/wp\/v2\/comments?post=392"}],"version-history":[{"count":10,"href":"https:\/\/dinatinyhomes.com\/de\/wp-json\/wp\/v2\/pages\/392\/revisions"}],"predecessor-version":[{"id":514,"href":"https:\/\/dinatinyhomes.com\/de\/wp-json\/wp\/v2\/pages\/392\/revisions\/514"}],"wp:attachment":[{"href":"https:\/\/dinatinyhomes.com\/de\/wp-json\/wp\/v2\/media?parent=392"}],"curies":[{"name":"wp","href":"https:\/\/api.w.org\/{rel}","templated":true}]}}