{"id":306,"date":"2022-12-20T13:33:29","date_gmt":"2022-12-20T13:33:29","guid":{"rendered":"https:\/\/dinatinyhomes.com\/?page_id=306"},"modified":"2022-12-29T23:40:34","modified_gmt":"2022-12-29T23:40:34","slug":"najcesca-pitanja","status":"publish","type":"page","link":"https:\/\/dinatinyhomes.com\/de\/najcesca-pitanja\/","title":{"rendered":"H\u00e4ufig Gestellte Fragen"},"content":{"rendered":"<div data-elementor-type=\"wp-page\" data-elementor-id=\"306\" class=\"elementor elementor-306\" data-elementor-post-type=\"page\">\n\t\t\t\t\t\t<section class=\"elementor-section elementor-top-section elementor-element elementor-element-8bb94ff elementor-section-boxed elementor-section-height-default elementor-section-height-default\" data-id=\"8bb94ff\" data-element_type=\"section\">\n\t\t\t\t\t\t<div class=\"elementor-container elementor-column-gap-default\">\n\t\t\t\t\t<div class=\"elementor-column elementor-col-100 elementor-top-column elementor-element elementor-element-7461f12\" data-id=\"7461f12\" data-element_type=\"column\">\n\t\t\t<div class=\"elementor-widget-wrap elementor-element-populated\">\n\t\t\t\t\t\t<div class=\"elementor-element elementor-element-b8c6048 elementor-widget elementor-widget-heading\" data-id=\"b8c6048\" data-element_type=\"widget\" data-widget_type=\"heading.default\">\n\t\t\t\t<div class=\"elementor-widget-container\">\n\t\t\t\t\t<h1 class=\"elementor-heading-title elementor-size-default\">H\u00c4UFIG GESTELLTE FRAGEN<\/h1>\t\t\t\t<\/div>\n\t\t\t\t<\/div>\n\t\t\t\t\t<\/div>\n\t\t<\/div>\n\t\t\t\t\t<\/div>\n\t\t<\/section>\n\t\t\t\t<section class=\"elementor-section elementor-top-section elementor-element elementor-element-ac614ed elementor-section-boxed elementor-section-height-default elementor-section-height-default\" data-id=\"ac614ed\" data-element_type=\"section\">\n\t\t\t\t\t\t<div class=\"elementor-container elementor-column-gap-default\">\n\t\t\t\t\t<div class=\"elementor-column elementor-col-100 elementor-top-column elementor-element elementor-element-a2116dd\" data-id=\"a2116dd\" data-element_type=\"column\">\n\t\t\t<div class=\"elementor-widget-wrap elementor-element-populated\">\n\t\t\t\t\t\t<div class=\"elementor-element elementor-element-52e29b5 elementor-widget elementor-widget-text-editor\" data-id=\"52e29b5\" data-element_type=\"widget\" data-widget_type=\"text-editor.default\">\n\t\t\t\t<div class=\"elementor-widget-container\">\n\t\t\t\t\t\t\t\t\t<p>Ben\u00f6tigt man f\u00fcr die H\u00e4uschen eine Baugenehmigung und ein Fundament?<\/p>\t\t\t\t\t\t\t\t<\/div>\n\t\t\t\t<\/div>\n\t\t\t\t<div class=\"elementor-element elementor-element-8c47cbb elementor-widget elementor-widget-text-editor\" data-id=\"8c47cbb\" data-element_type=\"widget\" data-widget_type=\"text-editor.default\">\n\t\t\t\t<div class=\"elementor-widget-container\">\n\t\t\t\t\t\t\t\t\t<p>Die H\u00e4uschen werden aus Holz gebaut, gesch\u00fctzt von Pilzen, Insekten und anderen Sch\u00e4dlingen. Der Wandaufbau besteht aus mehreren Holzrahmen in Format 5cmx10cm, die beidseitig mit OSB Platte, wasserfester Folie und Dampfsperre verkleidet sind und mit Mineralwolle , Dicke 10 cm gef\u00fcllt sind. Der Boden und das Dach sind auch aus Holzkonstruktion und sind mit 15 cm der Mineral und Steinwolle gef\u00fcllt und mit Folie und Blechverkleidung abgedeckt. Das H\u00e4uschen ist \u00f6kologisch und energieeffizient , daher ist es auch zum Wohnen geeignet.<br \/>F\u00fcr die Errichtimg des H\u00e4uschen ist kein Fundament erforderlich. Das H\u00e4uschchen ist tragbar und wird auf die F\u00fc\u00dfe gestellt, die Bestandteil der Unterkonstruktion des H\u00e4uschen sind. Das H\u00e4uschen wird nicht als Bauobjekt eingestuft, sondern als tempor\u00e4res Montageobjekt, was die Prozedur der Aufstellung erleichtert, wenn vor Ort Genehmigung erforderlich ist. <\/p>\t\t\t\t\t\t\t\t<\/div>\n\t\t\t\t<\/div>\n\t\t\t\t\t<\/div>\n\t\t<\/div>\n\t\t\t\t\t<\/div>\n\t\t<\/section>\n\t\t\t\t<section class=\"elementor-section elementor-top-section elementor-element elementor-element-f44f9a4 elementor-section-full_width elementor-section-height-min-height elementor-section-height-default elementor-section-items-middle\" data-id=\"f44f9a4\" data-element_type=\"section\" data-settings=\"{&quot;background_background&quot;:&quot;classic&quot;}\">\n\t\t\t\t\t\t<div class=\"elementor-container elementor-column-gap-default\">\n\t\t\t\t\t<div class=\"elementor-column elementor-col-100 elementor-top-column elementor-element elementor-element-59ee924\" data-id=\"59ee924\" data-element_type=\"column\">\n\t\t\t<div class=\"elementor-widget-wrap\">\n\t\t\t\t\t\t\t<\/div>\n\t\t<\/div>\n\t\t\t\t\t<\/div>\n\t\t<\/section>\n\t\t\t\t<section class=\"elementor-section elementor-top-section elementor-element elementor-element-f71c13a elementor-section-boxed elementor-section-height-default elementor-section-height-default\" data-id=\"f71c13a\" data-element_type=\"section\">\n\t\t\t\t\t\t<div class=\"elementor-container elementor-column-gap-default\">\n\t\t\t\t\t<div class=\"elementor-column elementor-col-100 elementor-top-column elementor-element elementor-element-cb0bff2\" data-id=\"cb0bff2\" data-element_type=\"column\">\n\t\t\t<div class=\"elementor-widget-wrap elementor-element-populated\">\n\t\t\t\t\t\t<div class=\"elementor-element elementor-element-d8e165c elementor-widget elementor-widget-text-editor\" data-id=\"d8e165c\" data-element_type=\"widget\" data-widget_type=\"text-editor.default\">\n\t\t\t\t<div class=\"elementor-widget-container\">\n\t\t\t\t\t\t\t\t\t<p>Wie wird das h\u00e4uschen vor ort aufgestellt?<\/p>\t\t\t\t\t\t\t\t<\/div>\n\t\t\t\t<\/div>\n\t\t\t\t<div class=\"elementor-element elementor-element-89c4573 elementor-widget elementor-widget-text-editor\" data-id=\"89c4573\" data-element_type=\"widget\" data-widget_type=\"text-editor.default\">\n\t\t\t\t<div class=\"elementor-widget-container\">\n\t\t\t\t\t\t\t\t\t<p class=\"translation-block\">Je nach den Bedingungen vor Ort k\u00f6nnen wir Ihnen helfen, die beste L\u00f6sung auszuw\u00e4hlen. Wir machen Sie darauf aufmerksam, dass keine spezielle Gel\u00e4ndevorbereitung f\u00fcr die Aufstellung des H\u00e4uschens erforderlich ist. Wenn das Gel\u00e4nde eben ist, werden wir das H\u00e4uschen auf Betonplatten mit Abmessungen von 30x30cm setzen, die die Last auf den Boden \u00fcbertragen. Unsere Empfehlung ist, das Gel\u00e4nde in den Dimensionen des H\u00e4uschens aufzusch\u00fctten und zu verdichten. Falls das H\u00e4uschen in der N\u00e4he des Flusses aufgestellt werden muss, k\u00f6nnen wir es auf einer Platform oder einem Pontonflo\u00df montieren.<\/p>\t\t\t\t\t\t\t\t<\/div>\n\t\t\t\t<\/div>\n\t\t\t\t\t<\/div>\n\t\t<\/div>\n\t\t\t\t\t<\/div>\n\t\t<\/section>\n\t\t\t\t<section class=\"elementor-section elementor-top-section elementor-element elementor-element-c9800c1 elementor-section-boxed elementor-section-height-default elementor-section-height-default\" data-id=\"c9800c1\" data-element_type=\"section\">\n\t\t\t\t\t\t<div class=\"elementor-container elementor-column-gap-default\">\n\t\t\t\t\t<div class=\"elementor-column elementor-col-100 elementor-top-column elementor-element elementor-element-22295e7\" data-id=\"22295e7\" data-element_type=\"column\">\n\t\t\t<div class=\"elementor-widget-wrap elementor-element-populated\">\n\t\t\t\t\t\t<div class=\"elementor-element elementor-element-ecd5220 elementor-widget elementor-widget-text-editor\" data-id=\"ecd5220\" data-element_type=\"widget\" data-widget_type=\"text-editor.default\">\n\t\t\t\t<div class=\"elementor-widget-container\">\n\t\t\t\t\t\t\t\t\t<p>Was muss vor Ort vorbereitet werden?<\/p>\t\t\t\t\t\t\t\t<\/div>\n\t\t\t\t<\/div>\n\t\t\t\t<div class=\"elementor-element elementor-element-e97fdc4 elementor-widget elementor-widget-text-editor\" data-id=\"e97fdc4\" data-element_type=\"widget\" data-widget_type=\"text-editor.default\">\n\t\t\t\t<div class=\"elementor-widget-container\">\n\t\t\t\t\t\t\t\t\t<p>Falls vor Ort die M\u00f6glichkeit dazu besteht, ist es otwendig, den Anschluss f\u00fcr Strom, Wasser und Abwasser vorzubereiten. Die Lage der Anschl\u00fcsse muss entsprechend der Ausrichtung des Hauses erfolgen. Falls am Standort keine M\u00f6glichkeit f\u00fcr den Anschluss an die genannte Infrastruktur besteht,bieten wir Ihnen standortgerechte L\u00f6sungen an. Der Strom kann durch Installation von Sonnekollektoren, Batteriesystemen und Steuerung bereitgestellt werden. Das Wasser kann durch das Graben eines Brunnens oder durch die Installation eines Tanks bereitgestellt werden. Abwasser kann durch den Einbau einer Komposttoilette oder einer Kl\u00e4rgrube beseitigt werden. Der Vortei\u00f6 dieser Systeme ist Unabh\u00e4gigkeit und damit die M\u00f6glichkiet , an jedem Standort zu leben.<\/p>\t\t\t\t\t\t\t\t<\/div>\n\t\t\t\t<\/div>\n\t\t\t\t\t<\/div>\n\t\t<\/div>\n\t\t\t\t\t<\/div>\n\t\t<\/section>\n\t\t\t\t<section class=\"elementor-section elementor-top-section elementor-element elementor-element-86a6208 elementor-section-full_width elementor-section-height-min-height elementor-section-height-default elementor-section-items-middle\" data-id=\"86a6208\" data-element_type=\"section\" data-settings=\"{&quot;background_background&quot;:&quot;classic&quot;}\">\n\t\t\t\t\t\t<div class=\"elementor-container elementor-column-gap-default\">\n\t\t\t\t\t<div class=\"elementor-column elementor-col-100 elementor-top-column elementor-element elementor-element-d4cc9ef\" data-id=\"d4cc9ef\" data-element_type=\"column\">\n\t\t\t<div class=\"elementor-widget-wrap\">\n\t\t\t\t\t\t\t<\/div>\n\t\t<\/div>\n\t\t\t\t\t<\/div>\n\t\t<\/section>\n\t\t\t\t<section class=\"elementor-section elementor-top-section elementor-element elementor-element-a521fa4 elementor-section-boxed elementor-section-height-default elementor-section-height-default\" data-id=\"a521fa4\" data-element_type=\"section\">\n\t\t\t\t\t\t<div class=\"elementor-container elementor-column-gap-default\">\n\t\t\t\t\t<div class=\"elementor-column elementor-col-100 elementor-top-column elementor-element elementor-element-2a078e4\" data-id=\"2a078e4\" data-element_type=\"column\">\n\t\t\t<div class=\"elementor-widget-wrap elementor-element-populated\">\n\t\t\t\t\t\t<div class=\"elementor-element elementor-element-fc62b2e elementor-widget elementor-widget-text-editor\" data-id=\"fc62b2e\" data-element_type=\"widget\" data-widget_type=\"text-editor.default\">\n\t\t\t\t<div class=\"elementor-widget-container\">\n\t\t\t\t\t\t\t\t\t<p>Kann das H\u00e4uschen im Winter genutzt werden?<\/p>\t\t\t\t\t\t\t\t<\/div>\n\t\t\t\t<\/div>\n\t\t\t\t<div class=\"elementor-element elementor-element-f639244 elementor-widget elementor-widget-text-editor\" data-id=\"f639244\" data-element_type=\"widget\" data-widget_type=\"text-editor.default\">\n\t\t\t\t<div class=\"elementor-widget-container\">\n\t\t\t\t\t\t\t\t\t<p>Unsere H\u00e4uschen werden wie alle andere Fertigh\u00e4user gebaut und sind deshalb f\u00fcr alle Wetterbedingungen und alle Standorte geeignet. Die D\u00e4mmung in den W\u00e4nden ist bei Standardmodellen 10 cm dick. Falls Sie vorhaben, das H\u00e4uschen in einer bergigen Gegend zu errichten,sind wir in der Lage auch zus\u00e4tzliche W\u00e4rmed\u00e4mmung durchzuf\u00fchren. <\/p>\t\t\t\t\t\t\t\t<\/div>\n\t\t\t\t<\/div>\n\t\t\t\t\t<\/div>\n\t\t<\/div>\n\t\t\t\t\t<\/div>\n\t\t<\/section>\n\t\t\t\t<section class=\"elementor-section elementor-top-section elementor-element elementor-element-c730a1b elementor-section-boxed elementor-section-height-default elementor-section-height-default\" data-id=\"c730a1b\" data-element_type=\"section\">\n\t\t\t\t\t\t<div class=\"elementor-container elementor-column-gap-default\">\n\t\t\t\t\t<div class=\"elementor-column elementor-col-100 elementor-top-column elementor-element elementor-element-f7b6e47\" data-id=\"f7b6e47\" data-element_type=\"column\">\n\t\t\t<div class=\"elementor-widget-wrap elementor-element-populated\">\n\t\t\t\t\t\t<div class=\"elementor-element elementor-element-695b8ab elementor-widget elementor-widget-text-editor\" data-id=\"695b8ab\" data-element_type=\"widget\" data-widget_type=\"text-editor.default\">\n\t\t\t\t<div class=\"elementor-widget-container\">\n\t\t\t\t\t\t\t\t\t<p>Ist eine spezielle Bodenvorbereitung erforderlich?<\/p>\t\t\t\t\t\t\t\t<\/div>\n\t\t\t\t<\/div>\n\t\t\t\t<div class=\"elementor-element elementor-element-75e2abd elementor-widget elementor-widget-text-editor\" data-id=\"75e2abd\" data-element_type=\"widget\" data-widget_type=\"text-editor.default\">\n\t\t\t\t<div class=\"elementor-widget-container\">\n\t\t\t\t\t\t\t\t\t<p>Unsere H\u00e4uschen erfordern keine besondere Bodenvorbereitung. Mit den H\u00e4uschen liefern wir auch Betonplatten, die unter die Metallf\u00fc\u00dfe gelegt werden, die Bestandteil des H\u00e4uschen sind. Unsere Empfehlung ist, den f\u00fcr die Aufstellung des H\u00e4uschen vorgesehen Platz aufzusch\u00fctten und zu verdichten. Wenn Sie Wunsch haben, k\u00f6nnen Sie auch Betonfundamente oder Streifenfundament gie\u00dfen. Die Unterseite des H\u00e4uschen ist mit Blech verkleidet, um Eindringen von Insekten und Nagetieren zu verhindern.<\/p>\t\t\t\t\t\t\t\t<\/div>\n\t\t\t\t<\/div>\n\t\t\t\t\t<\/div>\n\t\t<\/div>\n\t\t\t\t\t<\/div>\n\t\t<\/section>\n\t\t\t\t<section class=\"elementor-section elementor-top-section elementor-element elementor-element-c73c876 elementor-section-boxed elementor-section-height-default elementor-section-height-default\" data-id=\"c73c876\" data-element_type=\"section\">\n\t\t\t\t\t\t<div class=\"elementor-container elementor-column-gap-default\">\n\t\t\t\t\t<div class=\"elementor-column elementor-col-100 elementor-top-column elementor-element elementor-element-8f3b5e9\" data-id=\"8f3b5e9\" data-element_type=\"column\">\n\t\t\t<div class=\"elementor-widget-wrap elementor-element-populated\">\n\t\t\t\t\t\t<div class=\"elementor-element elementor-element-f1d14f7 elementor-widget elementor-widget-text-editor\" data-id=\"f1d14f7\" data-element_type=\"widget\" data-widget_type=\"text-editor.default\">\n\t\t\t\t<div class=\"elementor-widget-container\">\n\t\t\t\t\t\t\t\t\t<p>Transportieren wir die H\u00e4uschen ins Ausland?<\/p>\t\t\t\t\t\t\t\t<\/div>\n\t\t\t\t<\/div>\n\t\t\t\t<div class=\"elementor-element elementor-element-e63b4b3 elementor-widget elementor-widget-text-editor\" data-id=\"e63b4b3\" data-element_type=\"widget\" data-widget_type=\"text-editor.default\">\n\t\t\t\t<div class=\"elementor-widget-container\">\n\t\t\t\t\t\t\t\t\t<p>Ja, wir k\u00f6nnen Transport und Aufstellen des H\u00e4uschen an dem gew\u00fcnschten Standort organisieren. <\/p>\t\t\t\t\t\t\t\t<\/div>\n\t\t\t\t<\/div>\n\t\t\t\t\t<\/div>\n\t\t<\/div>\n\t\t\t\t\t<\/div>\n\t\t<\/section>\n\t\t\t\t<section class=\"elementor-section elementor-top-section elementor-element elementor-element-e59f708 elementor-section-full_width elementor-section-height-min-height elementor-section-height-default elementor-section-items-middle\" data-id=\"e59f708\" data-element_type=\"section\" data-settings=\"{&quot;background_background&quot;:&quot;classic&quot;}\">\n\t\t\t\t\t\t<div class=\"elementor-container elementor-column-gap-default\">\n\t\t\t\t\t<div class=\"elementor-column elementor-col-100 elementor-top-column elementor-element elementor-element-4dd2a75\" data-id=\"4dd2a75\" data-element_type=\"column\">\n\t\t\t<div class=\"elementor-widget-wrap\">\n\t\t\t\t\t\t\t<\/div>\n\t\t<\/div>\n\t\t\t\t\t<\/div>\n\t\t<\/section>\n\t\t\t\t<section class=\"elementor-section elementor-top-section elementor-element elementor-element-fc79acb elementor-section-boxed elementor-section-height-default elementor-section-height-default\" data-id=\"fc79acb\" data-element_type=\"section\">\n\t\t\t\t\t\t<div class=\"elementor-container elementor-column-gap-default\">\n\t\t\t\t\t<div class=\"elementor-column elementor-col-100 elementor-top-column elementor-element elementor-element-ba0a2d9\" data-id=\"ba0a2d9\" data-element_type=\"column\">\n\t\t\t<div class=\"elementor-widget-wrap elementor-element-populated\">\n\t\t\t\t\t\t<div class=\"elementor-element elementor-element-05d75c8 elementor-widget elementor-widget-text-editor\" data-id=\"05d75c8\" data-element_type=\"widget\" data-widget_type=\"text-editor.default\">\n\t\t\t\t<div class=\"elementor-widget-container\">\n\t\t\t\t\t\t\t\t\t<p>Sind Transport und Montage im Preis inbegriffen?<\/p>\t\t\t\t\t\t\t\t<\/div>\n\t\t\t\t<\/div>\n\t\t\t\t<div class=\"elementor-element elementor-element-fc3bc88 elementor-widget elementor-widget-text-editor\" data-id=\"fc3bc88\" data-element_type=\"widget\" data-widget_type=\"text-editor.default\">\n\t\t\t\t<div class=\"elementor-widget-container\">\n\t\t\t\t\t\t\t\t\t<p>Im Preis ist Montage des H\u00e4uschen inbegriffen, wie auch die Positionierung und Nivellierung des H\u00e4uschen am Standort. Transport ist nicht im Preis inbegriffen. Der Transportpreis auf dem Markt liegt bei etwa 2 Euro pro gefahrenem Kilometer. Als Ausgangspunkt kann unsere Produktion in Novi Sad sein. Je nach Standort und Bedingungen besteht die M\u00f6glichkeit zus\u00e4tzliche Mechanisation sicherzustellen (Traktor, Kran, Gabelstapler..) was die Kosten f\u00fcr den Transort erh\u00f6hen w\u00fcrde. Im Preis ist nicht den Anschluss des H\u00e4uschen an das Strom , -Wasser und Abwassernetz inbegriffen. <\/p>\t\t\t\t\t\t\t\t<\/div>\n\t\t\t\t<\/div>\n\t\t\t\t\t<\/div>\n\t\t<\/div>\n\t\t\t\t\t<\/div>\n\t\t<\/section>\n\t\t\t\t<section class=\"elementor-section elementor-top-section elementor-element elementor-element-4f4b6b0 elementor-section-boxed elementor-section-height-default elementor-section-height-default\" data-id=\"4f4b6b0\" data-element_type=\"section\">\n\t\t\t\t\t\t<div class=\"elementor-container elementor-column-gap-default\">\n\t\t\t\t\t<div class=\"elementor-column elementor-col-100 elementor-top-column elementor-element elementor-element-4a028f0\" data-id=\"4a028f0\" data-element_type=\"column\">\n\t\t\t<div class=\"elementor-widget-wrap elementor-element-populated\">\n\t\t\t\t\t\t<div class=\"elementor-element elementor-element-7b45c96 elementor-widget elementor-widget-text-editor\" data-id=\"7b45c96\" data-element_type=\"widget\" data-widget_type=\"text-editor.default\">\n\t\t\t\t<div class=\"elementor-widget-container\">\n\t\t\t\t\t\t\t\t\t<p>Wie lange dauert die Gew\u00e4hrleistungsfrist f\u00fcr das H\u00e4uschen?<\/p>\t\t\t\t\t\t\t\t<\/div>\n\t\t\t\t<\/div>\n\t\t\t\t<div class=\"elementor-element elementor-element-150cff0 elementor-widget elementor-widget-text-editor\" data-id=\"150cff0\" data-element_type=\"widget\" data-widget_type=\"text-editor.default\">\n\t\t\t\t<div class=\"elementor-widget-container\">\n\t\t\t\t\t\t\t\t\t<p>Die Gew\u00e4hrleistungsfrist f\u00fcr den Bau des H\u00e4uschen ist 10 Jahre. Die Gew\u00e4rleistungsfrist auf Material, Austattung und Technik ist laut Spezifikation des Herstellers von 2 -10 Jahren. Die Gew\u00e4hrleistung enth\u00e4lt keine mechanischen Sch\u00e4den, Sch\u00e4den aufgrund nicht richtigen oder unsachgem\u00e4\u00dfer Verwendung von Austattung , Teilen des H\u00e4uschen oder H\u00e4uschen im allgemeinen. <\/p>\t\t\t\t\t\t\t\t<\/div>\n\t\t\t\t<\/div>\n\t\t\t\t\t<\/div>\n\t\t<\/div>\n\t\t\t\t\t<\/div>\n\t\t<\/section>\n\t\t\t\t<section class=\"elementor-section elementor-top-section elementor-element elementor-element-4b87307 elementor-section-boxed elementor-section-height-default elementor-section-height-default\" data-id=\"4b87307\" data-element_type=\"section\">\n\t\t\t\t\t\t<div class=\"elementor-container elementor-column-gap-default\">\n\t\t\t\t\t<div class=\"elementor-column elementor-col-100 elementor-top-column elementor-element elementor-element-d3e3fdf\" data-id=\"d3e3fdf\" data-element_type=\"column\">\n\t\t\t<div class=\"elementor-widget-wrap elementor-element-populated\">\n\t\t\t\t\t\t<div class=\"elementor-element elementor-element-3071715 elementor-widget elementor-widget-text-editor\" data-id=\"3071715\" data-element_type=\"widget\" data-widget_type=\"text-editor.default\">\n\t\t\t\t<div class=\"elementor-widget-container\">\n\t\t\t\t\t\t\t\t\t<p>Wie ist die Heizung in den H\u00e4uschen?<\/p>\t\t\t\t\t\t\t\t<\/div>\n\t\t\t\t<\/div>\n\t\t\t\t<div class=\"elementor-element elementor-element-b9fe60b elementor-widget elementor-widget-text-editor\" data-id=\"b9fe60b\" data-element_type=\"widget\" data-widget_type=\"text-editor.default\">\n\t\t\t\t<div class=\"elementor-widget-container\">\n\t\t\t\t\t\t\t\t\t<p>Falls Sie auf dem Grundst\u00fcck Strom haben, empfehlen wir Ihnen, eine Inverter-Klimaanlge einzubauen,womit sowohl Heizung als auch K\u00fchlung erm\u00f6glicht wird. Falls Sie keinen Strom auf dem Grundst\u00fcck haben, k\u00f6nnen wir die Heizung durch den Einbau eines Webasto \u2013Ger\u00e4ts, einer Gasheizung oder eines Festbrennsoffofens (Pellet oder Holz) erm\u00f6glichen.<\/p>\t\t\t\t\t\t\t\t<\/div>\n\t\t\t\t<\/div>\n\t\t\t\t\t<\/div>\n\t\t<\/div>\n\t\t\t\t\t<\/div>\n\t\t<\/section>\n\t\t\t\t<section class=\"elementor-section elementor-top-section elementor-element elementor-element-ffc85ec elementor-section-boxed elementor-section-height-default elementor-section-height-default\" data-id=\"ffc85ec\" data-element_type=\"section\">\n\t\t\t\t\t\t<div class=\"elementor-container elementor-column-gap-default\">\n\t\t\t\t\t<div class=\"elementor-column elementor-col-100 elementor-top-column elementor-element elementor-element-147bab9\" data-id=\"147bab9\" data-element_type=\"column\">\n\t\t\t<div class=\"elementor-widget-wrap elementor-element-populated\">\n\t\t\t\t\t\t<div class=\"elementor-element elementor-element-eea47c0 elementor-align-center elementor-mobile-align-justify elementor-widget elementor-widget-button\" data-id=\"eea47c0\" data-element_type=\"widget\" data-widget_type=\"button.default\">\n\t\t\t\t<div class=\"elementor-widget-container\">\n\t\t\t\t\t\t\t\t\t<div class=\"elementor-button-wrapper\">\n\t\t\t\t\t<a class=\"elementor-button elementor-button-link elementor-size-lg\" href=\"https:\/\/dinatinyhomes.com\/de\/kontakt\/\">\n\t\t\t\t\t\t<span class=\"elementor-button-content-wrapper\">\n\t\t\t\t\t\t\t\t\t<span class=\"elementor-button-text\">Kontaktieren Sie Uns<\/span>\n\t\t\t\t\t<\/span>\n\t\t\t\t\t<\/a>\n\t\t\t\t<\/div>\n\t\t\t\t\t\t\t\t<\/div>\n\t\t\t\t<\/div>\n\t\t\t\t\t<\/div>\n\t\t<\/div>\n\t\t\t\t\t<\/div>\n\t\t<\/section>\n\t\t\t\t<\/div>","protected":false},"excerpt":{"rendered":"<p>NAJ\u010cE\u0160\u0106A PITANJA Da li je za ku\u0107ice potrebna gra\u0111evinska dozvola i temelj? Ku\u0107ice se izra\u0111uju od drveta za\u0161ti\u0107enog od gljivica, insekata i drugih \u0161teto\u010dina. Konfiguracija zida se sastoje od vi\u0161e drvenih ramova dimenzija 5cmx10cm, koji su sa obe strane oblo\u017eeni OSB plo\u010dom, vodonepropusnom folijom i parnom branom, a ispunjeni su mineralnom vunom debljine 10cm. Pod [&hellip;]<\/p>","protected":false},"author":1,"featured_media":0,"parent":0,"menu_order":0,"comment_status":"closed","ping_status":"closed","template":"elementor_header_footer","meta":{"footnotes":""},"class_list":["post-306","page","type-page","status-publish","hentry"],"_links":{"self":[{"href":"https:\/\/dinatinyhomes.com\/de\/wp-json\/wp\/v2\/pages\/306","targetHints":{"allow":["GET"]}}],"collection":[{"href":"https:\/\/dinatinyhomes.com\/de\/wp-json\/wp\/v2\/pages"}],"about":[{"href":"https:\/\/dinatinyhomes.com\/de\/wp-json\/wp\/v2\/types\/page"}],"author":[{"embeddable":true,"href":"https:\/\/dinatinyhomes.com\/de\/wp-json\/wp\/v2\/users\/1"}],"replies":[{"embeddable":true,"href":"https:\/\/dinatinyhomes.com\/de\/wp-json\/wp\/v2\/comments?post=306"}],"version-history":[{"count":10,"href":"https:\/\/dinatinyhomes.com\/de\/wp-json\/wp\/v2\/pages\/306\/revisions"}],"predecessor-version":[{"id":496,"href":"https:\/\/dinatinyhomes.com\/de\/wp-json\/wp\/v2\/pages\/306\/revisions\/496"}],"wp:attachment":[{"href":"https:\/\/dinatinyhomes.com\/de\/wp-json\/wp\/v2\/media?parent=306"}],"curies":[{"name":"wp","href":"https:\/\/api.w.org\/{rel}","templated":true}]}}